{"id":536,"date":"2016-02-11T20:05:10","date_gmt":"2016-02-11T20:05:10","guid":{"rendered":"http:\/\/new.itn-logistics.com\/fr\/?page_id=536"},"modified":"2016-03-16T18:59:12","modified_gmt":"2016-03-16T18:59:12","slug":"contactez-itn-logistics","status":"publish","type":"page","link":"https:\/\/www.itn-logistics.com\/fr\/contactez-itn-logistics\/","title":{"rendered":"Contactez ITN Logistics"},"content":{"rendered":"<section class=\"l-section wpb_row height_medium\"><div class=\"l-section-h g-html i-cf\"><div class=\"g-cols offset_medium\"><div class=\" full-width\">[vc_raw_html]JTNDaW1nJTIwc3JjJTNEJTIyaHR0cCUzQSUyRiUyRnd3dy5pdG4tbG9naXN0aWNzLmNvbSUyRndwLWNvbnRlbnQlMkZ1cGxvYWRzJTJGMjAxNiUyRjAyJTJGbWFwLWxvY2F0aW9ucy5zdmclMjIlMjBjbGFzcyUzRCUyMnN0eWxlLXN2ZyUyMiUyMCUyRiUzRQ==[\/vc_raw_html]<div class=\"wpb_text_column \"><div class=\"wpb_wrapper\"><p>D\u00e9couvrez les avantages d&#8217;un partenariat avec une entreprise qui prend vos affaires personnellement. C&#8217;est ce qui nous distingue et c&#8217;est pourquoi nos clients restent avec nous ann\u00e9e apr\u00e8s ann\u00e9e. Permettez-nous de vous d\u00e9montrer ce que nous pouvons faire pour vous.<\/p><\/div> <\/div> [vc_empty_space height=&#8221;40px&#8221;]<div class=\"w-separator type_default size_medium thick_1 style_solid color_border cont_text\"><span class=\"w-separator-h\"><h6>Toronto<\/h6><\/span><\/div><div class=\"g-cols wpb_row offset_medium vc_inner \"><div class=\" one-half\"><div class=\"wpb_text_column \"><div class=\"wpb_wrapper\">\n<h4>International Air &amp; Sea Cargo, Bonded &amp; 3PL Warehousing, Projects, Customs Clearances<\/h4>\n<\/div> <\/div> <div class=\"uavc-list-icon uavc-list-icon-wrapper ult-adjust-bottom-margin   \"><ul class=\"uavc-list\"><li><div class=\"uavc-list-content\" id=\"list-icon-wrap-7853\">\n<div class=\"uavc-list-icon  \" data-animation=\"\" data-animation-delay=\"03\" style=\"margin-right:10px;\"><div class=\"ult-just-icon-wrapper  \"><div class=\"align-icon\" style=\"text-align:center;\">\n<div class=\"aio-icon none \"  style=\"color:#333333;font-size:24px;display:inline-block;\">\n\t<i class=\"Defaults-map-marker\"><\/i>\n<\/div><\/div><\/div>\n<\/div><span  data-ultimate-target='#list-icon-wrap-7853 .uavc-list-desc'  data-responsive-json-new='{\"font-size\":\"\",\"line-height\":\"\"}'  class=\"uavc-list-desc ult-responsive\" style=\"\"><a href=\"https:\/\/goo.gl\/maps\/BqqBk1kAGQo\" target=\"_blank\">6975 D Pacific Circle<br \/>\nMississauga, ON<br \/>\nL5T 2H3 Canada<\/a><\/span><\/div><\/li><li><div class=\"uavc-list-content\" id=\"list-icon-wrap-4136\">\n<div class=\"uavc-list-icon  \" data-animation=\"\" data-animation-delay=\"03\" style=\"margin-right:10px;\"><div class=\"ult-just-icon-wrapper  \"><div class=\"align-icon\" style=\"text-align:center;\">\n<div class=\"aio-icon none \"  style=\"color:#333333;font-size:24px;display:inline-block;\">\n\t<i class=\"Defaults-phone\"><\/i>\n<\/div><\/div><\/div>\n<\/div><span  data-ultimate-target='#list-icon-wrap-4136 .uavc-list-desc'  data-responsive-json-new='{\"font-size\":\"\",\"line-height\":\"\"}'  class=\"uavc-list-desc ult-responsive\" style=\"\">(905) 362 1111<br \/>\n(888) 594 4244<\/span><\/div><\/li><li><div class=\"uavc-list-content\" id=\"list-icon-wrap-1203\">\n<div class=\"uavc-list-icon  \" data-animation=\"\" data-animation-delay=\"03\" style=\"margin-right:10px;\"><div class=\"ult-just-icon-wrapper  \"><div class=\"align-icon\" style=\"text-align:center;\">\n<div class=\"aio-icon none \"  style=\"color:#333333;font-size:24px;display:inline-block;\">\n\t<i class=\"Defaults-print\"><\/i>\n<\/div><\/div><\/div>\n<\/div><span  data-ultimate-target='#list-icon-wrap-1203 .uavc-list-desc'  data-responsive-json-new='{\"font-size\":\"\",\"line-height\":\"\"}'  class=\"uavc-list-desc ult-responsive\" style=\"\">(905) 362 1110<\/span><\/div><\/li><li><div class=\"uavc-list-content\" id=\"list-icon-wrap-1810\">\n<div class=\"uavc-list-icon  \" data-animation=\"\" data-animation-delay=\"03\" style=\"margin-right:10px;\"><div class=\"ult-just-icon-wrapper  \"><div class=\"align-icon\" style=\"text-align:center;\">\n<div class=\"aio-icon none \"  style=\"font-size:24px;display:inline-block;\">\n\t<i class=\"Defaults-envelope\"><\/i>\n<\/div><\/div><\/div>\n<\/div><span  data-ultimate-target='#list-icon-wrap-1810 .uavc-list-desc'  data-responsive-json-new='{\"font-size\":\"\",\"line-height\":\"\"}'  class=\"uavc-list-desc ult-responsive\" style=\"\"><a href=\"mailto:toronto@itn-logistics.com\">toronto@itn-logistics.com<\/a><\/span><\/div><\/li><\/ul><\/div><\/div><div class=\" one-half\"><div class=\"wpb_text_column \"><div class=\"wpb_wrapper\">\n<h4>Transborder Cargo &#8211; Canada-USA-Mexico Trucking<\/h4>\n<\/div> <\/div> <div class=\"uavc-list-icon uavc-list-icon-wrapper ult-adjust-bottom-margin   \"><ul class=\"uavc-list\"><li><div class=\"uavc-list-content\" id=\"list-icon-wrap-5744\">\n<div class=\"uavc-list-icon  \" data-animation=\"\" data-animation-delay=\"03\" style=\"margin-right:10px;\"><div class=\"ult-just-icon-wrapper  \"><div class=\"align-icon\" style=\"text-align:center;\">\n<div class=\"aio-icon none \"  style=\"color:#333333;font-size:24px;display:inline-block;\">\n\t<i class=\"Defaults-map-marker\"><\/i>\n<\/div><\/div><\/div>\n<\/div><span  data-ultimate-target='#list-icon-wrap-5744 .uavc-list-desc'  data-responsive-json-new='{\"font-size\":\"\",\"line-height\":\"\"}'  class=\"uavc-list-desc ult-responsive\" style=\"\"><a href=\"https:\/\/goo.gl\/maps\/BqqBk1kAGQo\" target=\"_blank\">6975 D Pacific Circle<br \/>\nMississauga, ON<br \/>\nL5T 2H3 Canada<\/a><\/span><\/div><\/li><li><div class=\"uavc-list-content\" id=\"list-icon-wrap-6258\">\n<div class=\"uavc-list-icon  \" data-animation=\"\" data-animation-delay=\"03\" style=\"margin-right:10px;\"><div class=\"ult-just-icon-wrapper  \"><div class=\"align-icon\" style=\"text-align:center;\">\n<div class=\"aio-icon none \"  style=\"color:#333333;font-size:24px;display:inline-block;\">\n\t<i class=\"Defaults-phone\"><\/i>\n<\/div><\/div><\/div>\n<\/div><span  data-ultimate-target='#list-icon-wrap-6258 .uavc-list-desc'  data-responsive-json-new='{\"font-size\":\"\",\"line-height\":\"\"}'  class=\"uavc-list-desc ult-responsive\" style=\"\">(905) 362 1122<br \/>\n1 800 242 6634 (toll-free)<\/span><\/div><\/li><li><div class=\"uavc-list-content\" id=\"list-icon-wrap-1896\">\n<div class=\"uavc-list-icon  \" data-animation=\"\" data-animation-delay=\"03\" style=\"margin-right:10px;\"><div class=\"ult-just-icon-wrapper  \"><div class=\"align-icon\" style=\"text-align:center;\">\n<div class=\"aio-icon none \"  style=\"color:#333333;font-size:24px;display:inline-block;\">\n\t<i class=\"Defaults-print\"><\/i>\n<\/div><\/div><\/div>\n<\/div><span  data-ultimate-target='#list-icon-wrap-1896 .uavc-list-desc'  data-responsive-json-new='{\"font-size\":\"\",\"line-height\":\"\"}'  class=\"uavc-list-desc ult-responsive\" style=\"\">(905) 362 1101<\/span><\/div><\/li><li><div class=\"uavc-list-content\" id=\"list-icon-wrap-9324\">\n<div class=\"uavc-list-icon  \" data-animation=\"\" data-animation-delay=\"03\" style=\"margin-right:10px;\"><div class=\"ult-just-icon-wrapper  \"><div class=\"align-icon\" style=\"text-align:center;\">\n<div class=\"aio-icon none \"  style=\"font-size:24px;display:inline-block;\">\n\t<i class=\"Defaults-envelope\"><\/i>\n<\/div><\/div><\/div>\n<\/div><span  data-ultimate-target='#list-icon-wrap-9324 .uavc-list-desc'  data-responsive-json-new='{\"font-size\":\"\",\"line-height\":\"\"}'  class=\"uavc-list-desc ult-responsive\" style=\"\"><a href=\"mailto:transborder@itn-logistics.com\">transborder@itn-logistics.com<\/a><\/span><\/div><\/li><li><div class=\"uavc-list-content\" id=\"list-icon-wrap-3698\">\n<div class=\"uavc-list-icon  \" data-animation=\"\" data-animation-delay=\"03\" style=\"margin-right:10px;\"><div class=\"ult-just-icon-wrapper  \"><div class=\"align-icon\" style=\"text-align:center;\">\n<div class=\"aio-icon none \"  style=\"font-size:24px;display:inline-block;\">\n\t<i class=\"Defaults-envelope\"><\/i>\n<\/div><\/div><\/div>\n<\/div><span  data-ultimate-target='#list-icon-wrap-3698 .uavc-list-desc'  data-responsive-json-new='{\"font-size\":\"\",\"line-height\":\"\"}'  class=\"uavc-list-desc ult-responsive\" style=\"\"><a href=\"mailto:rates@itn-logistics.com\">rates@itn-logistics.com<\/a><\/span><\/div><\/li><\/ul><\/div><\/div><\/div>[vc_empty_space height=&#8221;40px&#8221;]<div class=\"g-cols wpb_row offset_medium vc_inner \"><div class=\" one-half\"><div class=\"w-separator type_default size_medium thick_1 style_solid color_border cont_text\"><span class=\"w-separator-h\"><h6>Calgary<\/h6><\/span><\/div><div class=\"wpb_text_column \"><div class=\"wpb_wrapper\">\n<h4>International Air &amp; Sea Cargo, Customs, Projects, Transborder Trucking<\/h4>\n<\/div> <\/div> <div class=\"uavc-list-icon uavc-list-icon-wrapper ult-adjust-bottom-margin   \"><ul class=\"uavc-list\"><li><div class=\"uavc-list-content\" id=\"list-icon-wrap-6234\">\n<div class=\"uavc-list-icon  \" data-animation=\"\" data-animation-delay=\"03\" style=\"margin-right:10px;\"><div class=\"ult-just-icon-wrapper  \"><div class=\"align-icon\" style=\"text-align:center;\">\n<div class=\"aio-icon none \"  style=\"color:#333333;font-size:24px;display:inline-block;\">\n\t<i class=\"Defaults-map-marker\"><\/i>\n<\/div><\/div><\/div>\n<\/div><span  data-ultimate-target='#list-icon-wrap-6234 .uavc-list-desc'  data-responsive-json-new='{\"font-size\":\"\",\"line-height\":\"\"}'  class=\"uavc-list-desc ult-responsive\" style=\"\"><a href=\"https:\/\/goo.gl\/maps\/78c51yFxv2Q2\" target=\"_blank\">201 \u2013 2915 21st Street N.E.<br \/>\nCalgary, AB<br \/>\nT2E 7T1 Canada<\/a><\/span><\/div><\/li><li><div class=\"uavc-list-content\" id=\"list-icon-wrap-8988\">\n<div class=\"uavc-list-icon  \" data-animation=\"\" data-animation-delay=\"03\" style=\"margin-right:10px;\"><div class=\"ult-just-icon-wrapper  \"><div class=\"align-icon\" style=\"text-align:center;\">\n<div class=\"aio-icon none \"  style=\"color:#333333;font-size:24px;display:inline-block;\">\n\t<i class=\"Defaults-phone\"><\/i>\n<\/div><\/div><\/div>\n<\/div><span  data-ultimate-target='#list-icon-wrap-8988 .uavc-list-desc'  data-responsive-json-new='{\"font-size\":\"\",\"line-height\":\"\"}'  class=\"uavc-list-desc ult-responsive\" style=\"\">(403) 219 8440<\/span><\/div><\/li><li><div class=\"uavc-list-content\" id=\"list-icon-wrap-9399\">\n<div class=\"uavc-list-icon  \" data-animation=\"\" data-animation-delay=\"03\" style=\"margin-right:10px;\"><div class=\"ult-just-icon-wrapper  \"><div class=\"align-icon\" style=\"text-align:center;\">\n<div class=\"aio-icon none \"  style=\"color:#333333;font-size:24px;display:inline-block;\">\n\t<i class=\"Defaults-print\"><\/i>\n<\/div><\/div><\/div>\n<\/div><span  data-ultimate-target='#list-icon-wrap-9399 .uavc-list-desc'  data-responsive-json-new='{\"font-size\":\"\",\"line-height\":\"\"}'  class=\"uavc-list-desc ult-responsive\" style=\"\">(403) 219 8449<\/span><\/div><\/li><li><div class=\"uavc-list-content\" id=\"list-icon-wrap-8244\">\n<div class=\"uavc-list-icon  \" data-animation=\"\" data-animation-delay=\"03\" style=\"margin-right:10px;\"><div class=\"ult-just-icon-wrapper  \"><div class=\"align-icon\" style=\"text-align:center;\">\n<div class=\"aio-icon none \"  style=\"font-size:24px;display:inline-block;\">\n\t<i class=\"Defaults-envelope\"><\/i>\n<\/div><\/div><\/div>\n<\/div><span  data-ultimate-target='#list-icon-wrap-8244 .uavc-list-desc'  data-responsive-json-new='{\"font-size\":\"\",\"line-height\":\"\"}'  class=\"uavc-list-desc ult-responsive\" style=\"\"><a href=\"mailto:calgary@itn-logistics.com\">calgary@itn-logistics.com<\/a><\/span><\/div><\/li><\/ul><\/div><\/div><div class=\" one-half\"><div class=\"w-separator type_default size_medium thick_1 style_solid color_border cont_text\"><span class=\"w-separator-h\"><h6>Vancouver<\/h6><\/span><\/div><div class=\"wpb_text_column \"><div class=\"wpb_wrapper\">\n<h4>International Air &amp; Sea Cargo, Customs, Projects, Transborder Trucking<\/h4>\n<\/div> <\/div> <div class=\"uavc-list-icon uavc-list-icon-wrapper ult-adjust-bottom-margin   \"><ul class=\"uavc-list\"><li><div class=\"uavc-list-content\" id=\"list-icon-wrap-4445\">\n<div class=\"uavc-list-icon  \" data-animation=\"\" data-animation-delay=\"03\" style=\"margin-right:10px;\"><div class=\"ult-just-icon-wrapper  \"><div class=\"align-icon\" style=\"text-align:center;\">\n<div class=\"aio-icon none \"  style=\"color:#333333;font-size:24px;display:inline-block;\">\n\t<i class=\"Defaults-map-marker\"><\/i>\n<\/div><\/div><\/div>\n<\/div><span  data-ultimate-target='#list-icon-wrap-4445 .uavc-list-desc'  data-responsive-json-new='{\"font-size\":\"\",\"line-height\":\"\"}'  class=\"uavc-list-desc ult-responsive\" style=\"\"><a href=\"https:\/\/goo.gl\/maps\/5nseqQsLrky\" target=\"_blank\">Unit 370 &#8211; 3820 Cessna Drive<br \/>\nRichmond, B.C.<br \/>\nV7B 0A2 Canada<\/a><\/span><\/div><\/li><li><div class=\"uavc-list-content\" id=\"list-icon-wrap-9194\">\n<div class=\"uavc-list-icon  \" data-animation=\"\" data-animation-delay=\"03\" style=\"margin-right:10px;\"><div class=\"ult-just-icon-wrapper  \"><div class=\"align-icon\" style=\"text-align:center;\">\n<div class=\"aio-icon none \"  style=\"color:#333333;font-size:24px;display:inline-block;\">\n\t<i class=\"Defaults-phone\"><\/i>\n<\/div><\/div><\/div>\n<\/div><span  data-ultimate-target='#list-icon-wrap-9194 .uavc-list-desc'  data-responsive-json-new='{\"font-size\":\"\",\"line-height\":\"\"}'  class=\"uavc-list-desc ult-responsive\" style=\"\">(604) 264 7733<\/span><\/div><\/li><li><div class=\"uavc-list-content\" id=\"list-icon-wrap-1820\">\n<div class=\"uavc-list-icon  \" data-animation=\"\" data-animation-delay=\"03\" style=\"margin-right:10px;\"><div class=\"ult-just-icon-wrapper  \"><div class=\"align-icon\" style=\"text-align:center;\">\n<div class=\"aio-icon none \"  style=\"color:#333333;font-size:24px;display:inline-block;\">\n\t<i class=\"Defaults-print\"><\/i>\n<\/div><\/div><\/div>\n<\/div><span  data-ultimate-target='#list-icon-wrap-1820 .uavc-list-desc'  data-responsive-json-new='{\"font-size\":\"\",\"line-height\":\"\"}'  class=\"uavc-list-desc ult-responsive\" style=\"\">(604) 264 7734<\/span><\/div><\/li><li><div class=\"uavc-list-content\" id=\"list-icon-wrap-6338\">\n<div class=\"uavc-list-icon  \" data-animation=\"\" data-animation-delay=\"03\" style=\"margin-right:10px;\"><div class=\"ult-just-icon-wrapper  \"><div class=\"align-icon\" style=\"text-align:center;\">\n<div class=\"aio-icon none \"  style=\"font-size:24px;display:inline-block;\">\n\t<i class=\"Defaults-envelope\"><\/i>\n<\/div><\/div><\/div>\n<\/div><span  data-ultimate-target='#list-icon-wrap-6338 .uavc-list-desc'  data-responsive-json-new='{\"font-size\":\"\",\"line-height\":\"\"}'  class=\"uavc-list-desc ult-responsive\" style=\"\"><a href=\"mailto:vancouver@itn-logistics.com\">vancouver@itn-logistics.com<\/a><\/span><\/div><\/li><\/ul><\/div><\/div><\/div>[vc_empty_space height=&#8221;40px&#8221;]<div class=\"g-cols wpb_row offset_medium vc_inner \"><div class=\" one-half\"><div class=\"w-separator type_default size_medium thick_1 style_solid color_border cont_text\"><span class=\"w-separator-h\"><h6>Montreal<\/h6><\/span><\/div><div class=\"wpb_text_column \"><div class=\"wpb_wrapper\">\n<h4>International Air &amp; Sea Cargo, Customs, Projects, Transborder Trucking<\/h4>\n<\/div> <\/div> <div class=\"uavc-list-icon uavc-list-icon-wrapper ult-adjust-bottom-margin   \"><ul class=\"uavc-list\"><li><div class=\"uavc-list-content\" id=\"list-icon-wrap-7075\">\n<div class=\"uavc-list-icon  \" data-animation=\"\" data-animation-delay=\"03\" style=\"margin-right:10px;\"><div class=\"ult-just-icon-wrapper  \"><div class=\"align-icon\" style=\"text-align:center;\">\n<div class=\"aio-icon none \"  style=\"color:#333333;font-size:24px;display:inline-block;\">\n\t<i class=\"Defaults-map-marker\"><\/i>\n<\/div><\/div><\/div>\n<\/div><span  data-ultimate-target='#list-icon-wrap-7075 .uavc-list-desc'  data-responsive-json-new='{\"font-size\":\"\",\"line-height\":\"\"}'  class=\"uavc-list-desc ult-responsive\" style=\"\"><a href=\"https:\/\/goo.gl\/maps\/9sPT6iU7wrs\" target=\"_blank\">160-10500 Cote de Liesse Blvd<br \/>\nLachine, QC<br \/>\nH8T 1A4 Canada<\/a><\/span><\/div><\/li><li><div class=\"uavc-list-content\" id=\"list-icon-wrap-9010\">\n<div class=\"uavc-list-icon  \" data-animation=\"\" data-animation-delay=\"03\" style=\"margin-right:10px;\"><div class=\"ult-just-icon-wrapper  \"><div class=\"align-icon\" style=\"text-align:center;\">\n<div class=\"aio-icon none \"  style=\"color:#333333;font-size:24px;display:inline-block;\">\n\t<i class=\"Defaults-phone\"><\/i>\n<\/div><\/div><\/div>\n<\/div><span  data-ultimate-target='#list-icon-wrap-9010 .uavc-list-desc'  data-responsive-json-new='{\"font-size\":\"\",\"line-height\":\"\"}'  class=\"uavc-list-desc ult-responsive\" style=\"\">(514) 633 1070<\/span><\/div><\/li><li><div class=\"uavc-list-content\" id=\"list-icon-wrap-4905\">\n<div class=\"uavc-list-icon  \" data-animation=\"\" data-animation-delay=\"03\" style=\"margin-right:10px;\"><div class=\"ult-just-icon-wrapper  \"><div class=\"align-icon\" style=\"text-align:center;\">\n<div class=\"aio-icon none \"  style=\"color:#333333;font-size:24px;display:inline-block;\">\n\t<i class=\"Defaults-print\"><\/i>\n<\/div><\/div><\/div>\n<\/div><span  data-ultimate-target='#list-icon-wrap-4905 .uavc-list-desc'  data-responsive-json-new='{\"font-size\":\"\",\"line-height\":\"\"}'  class=\"uavc-list-desc ult-responsive\" style=\"\">(514) 633 1185<\/span><\/div><\/li><li><div class=\"uavc-list-content\" id=\"list-icon-wrap-6291\">\n<div class=\"uavc-list-icon  \" data-animation=\"\" data-animation-delay=\"03\" style=\"margin-right:10px;\"><div class=\"ult-just-icon-wrapper  \"><div class=\"align-icon\" style=\"text-align:center;\">\n<div class=\"aio-icon none \"  style=\"font-size:24px;display:inline-block;\">\n\t<i class=\"Defaults-envelope\"><\/i>\n<\/div><\/div><\/div>\n<\/div><span  data-ultimate-target='#list-icon-wrap-6291 .uavc-list-desc'  data-responsive-json-new='{\"font-size\":\"\",\"line-height\":\"\"}'  class=\"uavc-list-desc ult-responsive\" style=\"\"><a href=\"mailto:montreal@itn-logistics.com\">montreal@itn-logistics.com<\/a><\/span><\/div><\/li><\/ul><\/div><\/div><div class=\" one-half\"><\/div><\/div><\/div><\/div><\/div><\/section>\n","protected":false},"excerpt":{"rendered":"[vc_raw_html]JTNDaW1nJTIwc3JjJTNEJTIyaHR0cCUzQSUyRiUyRnd3dy5pdG4tbG9naXN0aWNzLmNvbSUyRndwLWNvbnRlbnQlMkZ1cGxvYWRzJTJGMjAxNiUyRjAyJTJGbWFwLWxvY2F0aW9ucy5zdmclMjIlMjBjbGFzcyUzRCUyMnN0eWxlLXN2ZyUyMiUyMCUyRiUzRQ==[\/vc_raw_html]D\u00e9couvrez les avantages d'un partenariat avec une entreprise qui prend vos affaires personnellement. C'est ce qui nous distingue et c'est...","protected":false},"author":1,"featured_media":0,"parent":0,"menu_order":0,"comment_status":"closed","ping_status":"closed","template":"","meta":{"inline_featured_image":false,"_exactmetrics_skip_tracking":false,"_exactmetrics_sitenote_active":false,"_exactmetrics_sitenote_note":"","_exactmetrics_sitenote_category":0,"footnotes":""},"class_list":["post-536","page","type-page","status-publish","hentry"],"yoast_head":"<!-- This site is optimized with the Yoast SEO plugin v27.4 - https:\/\/yoast.com\/product\/yoast-seo-wordpress\/ -->\n<title>Contactez ITN Logistics - ITN Logistics<\/title>\n<meta name=\"robots\" content=\"index, follow, max-snippet:-1, max-image-preview:large, max-video-preview:-1\" \/>\n<link rel=\"canonical\" href=\"https:\/\/www.itn-logistics.com\/fr\/contactez-itn-logistics\/\" \/>\n<meta property=\"og:locale\" content=\"fr_FR\" \/>\n<meta property=\"og:type\" content=\"article\" \/>\n<meta property=\"og:title\" content=\"Contactez ITN Logistics - ITN Logistics\" \/>\n<meta property=\"og:url\" content=\"https:\/\/www.itn-logistics.com\/fr\/contactez-itn-logistics\/\" \/>\n<meta property=\"og:site_name\" content=\"ITN Logistics\" \/>\n<meta property=\"article:modified_time\" content=\"2016-03-16T18:59:12+00:00\" \/>\n<meta name=\"twitter:card\" content=\"summary_large_image\" \/>\n<meta name=\"twitter:label1\" content=\"Est. reading time\" \/>\n\t<meta name=\"twitter:data1\" content=\"3 minutes\" \/>\n<script type=\"application\/ld+json\" class=\"yoast-schema-graph\">{\"@context\":\"https:\\\/\\\/schema.org\",\"@graph\":[{\"@type\":\"WebPage\",\"@id\":\"https:\\\/\\\/www.itn-logistics.com\\\/fr\\\/contactez-itn-logistics\\\/\",\"url\":\"https:\\\/\\\/www.itn-logistics.com\\\/fr\\\/contactez-itn-logistics\\\/\",\"name\":\"Contactez ITN Logistics - ITN Logistics\",\"isPartOf\":{\"@id\":\"https:\\\/\\\/www.itn-logistics.com\\\/#website\"},\"datePublished\":\"2016-02-11T20:05:10+00:00\",\"dateModified\":\"2016-03-16T18:59:12+00:00\",\"breadcrumb\":{\"@id\":\"https:\\\/\\\/www.itn-logistics.com\\\/fr\\\/contactez-itn-logistics\\\/#breadcrumb\"},\"inLanguage\":\"fr-FR\",\"potentialAction\":[{\"@type\":\"ReadAction\",\"target\":[\"https:\\\/\\\/www.itn-logistics.com\\\/fr\\\/contactez-itn-logistics\\\/\"]}]},{\"@type\":\"BreadcrumbList\",\"@id\":\"https:\\\/\\\/www.itn-logistics.com\\\/fr\\\/contactez-itn-logistics\\\/#breadcrumb\",\"itemListElement\":[{\"@type\":\"ListItem\",\"position\":1,\"name\":\"Home\",\"item\":\"https:\\\/\\\/www.itn-logistics.com\\\/fr\\\/\"},{\"@type\":\"ListItem\",\"position\":2,\"name\":\"Contactez ITN Logistics\"}]},{\"@type\":\"WebSite\",\"@id\":\"https:\\\/\\\/www.itn-logistics.com\\\/#website\",\"url\":\"https:\\\/\\\/www.itn-logistics.com\\\/\",\"name\":\"ITN Logistics\",\"description\":\"Making It Personal\",\"publisher\":{\"@id\":\"https:\\\/\\\/www.itn-logistics.com\\\/#organization\"},\"potentialAction\":[{\"@type\":\"SearchAction\",\"target\":{\"@type\":\"EntryPoint\",\"urlTemplate\":\"https:\\\/\\\/www.itn-logistics.com\\\/?s={search_term_string}\"},\"query-input\":{\"@type\":\"PropertyValueSpecification\",\"valueRequired\":true,\"valueName\":\"search_term_string\"}}],\"inLanguage\":\"fr-FR\"},{\"@type\":\"Organization\",\"@id\":\"https:\\\/\\\/www.itn-logistics.com\\\/#organization\",\"name\":\"ITN Logistics\",\"url\":\"https:\\\/\\\/www.itn-logistics.com\\\/\",\"logo\":{\"@type\":\"ImageObject\",\"inLanguage\":\"fr-FR\",\"@id\":\"https:\\\/\\\/www.itn-logistics.com\\\/#\\\/schema\\\/logo\\\/image\\\/\",\"url\":\"https:\\\/\\\/www.itn-logistics.com\\\/wp-content\\\/uploads\\\/2016\\\/02\\\/logo_colour.png\",\"contentUrl\":\"https:\\\/\\\/www.itn-logistics.com\\\/wp-content\\\/uploads\\\/2016\\\/02\\\/logo_colour.png\",\"width\":200,\"height\":100,\"caption\":\"ITN Logistics\"},\"image\":{\"@id\":\"https:\\\/\\\/www.itn-logistics.com\\\/#\\\/schema\\\/logo\\\/image\\\/\"}}]}<\/script>\n<!-- \/ Yoast SEO plugin. -->","yoast_head_json":{"title":"Contactez ITN Logistics - ITN Logistics","robots":{"index":"index","follow":"follow","max-snippet":"max-snippet:-1","max-image-preview":"max-image-preview:large","max-video-preview":"max-video-preview:-1"},"canonical":"https:\/\/www.itn-logistics.com\/fr\/contactez-itn-logistics\/","og_locale":"fr_FR","og_type":"article","og_title":"Contactez ITN Logistics - ITN Logistics","og_url":"https:\/\/www.itn-logistics.com\/fr\/contactez-itn-logistics\/","og_site_name":"ITN Logistics","article_modified_time":"2016-03-16T18:59:12+00:00","twitter_card":"summary_large_image","twitter_misc":{"Est. reading time":"3 minutes"},"schema":{"@context":"https:\/\/schema.org","@graph":[{"@type":"WebPage","@id":"https:\/\/www.itn-logistics.com\/fr\/contactez-itn-logistics\/","url":"https:\/\/www.itn-logistics.com\/fr\/contactez-itn-logistics\/","name":"Contactez ITN Logistics - ITN Logistics","isPartOf":{"@id":"https:\/\/www.itn-logistics.com\/#website"},"datePublished":"2016-02-11T20:05:10+00:00","dateModified":"2016-03-16T18:59:12+00:00","breadcrumb":{"@id":"https:\/\/www.itn-logistics.com\/fr\/contactez-itn-logistics\/#breadcrumb"},"inLanguage":"fr-FR","potentialAction":[{"@type":"ReadAction","target":["https:\/\/www.itn-logistics.com\/fr\/contactez-itn-logistics\/"]}]},{"@type":"BreadcrumbList","@id":"https:\/\/www.itn-logistics.com\/fr\/contactez-itn-logistics\/#breadcrumb","itemListElement":[{"@type":"ListItem","position":1,"name":"Home","item":"https:\/\/www.itn-logistics.com\/fr\/"},{"@type":"ListItem","position":2,"name":"Contactez ITN Logistics"}]},{"@type":"WebSite","@id":"https:\/\/www.itn-logistics.com\/#website","url":"https:\/\/www.itn-logistics.com\/","name":"ITN Logistics","description":"Making It Personal","publisher":{"@id":"https:\/\/www.itn-logistics.com\/#organization"},"potentialAction":[{"@type":"SearchAction","target":{"@type":"EntryPoint","urlTemplate":"https:\/\/www.itn-logistics.com\/?s={search_term_string}"},"query-input":{"@type":"PropertyValueSpecification","valueRequired":true,"valueName":"search_term_string"}}],"inLanguage":"fr-FR"},{"@type":"Organization","@id":"https:\/\/www.itn-logistics.com\/#organization","name":"ITN Logistics","url":"https:\/\/www.itn-logistics.com\/","logo":{"@type":"ImageObject","inLanguage":"fr-FR","@id":"https:\/\/www.itn-logistics.com\/#\/schema\/logo\/image\/","url":"https:\/\/www.itn-logistics.com\/wp-content\/uploads\/2016\/02\/logo_colour.png","contentUrl":"https:\/\/www.itn-logistics.com\/wp-content\/uploads\/2016\/02\/logo_colour.png","width":200,"height":100,"caption":"ITN Logistics"},"image":{"@id":"https:\/\/www.itn-logistics.com\/#\/schema\/logo\/image\/"}}]}},"_links":{"self":[{"href":"https:\/\/www.itn-logistics.com\/fr\/wp-json\/wp\/v2\/pages\/536","targetHints":{"allow":["GET"]}}],"collection":[{"href":"https:\/\/www.itn-logistics.com\/fr\/wp-json\/wp\/v2\/pages"}],"about":[{"href":"https:\/\/www.itn-logistics.com\/fr\/wp-json\/wp\/v2\/types\/page"}],"author":[{"embeddable":true,"href":"https:\/\/www.itn-logistics.com\/fr\/wp-json\/wp\/v2\/users\/1"}],"replies":[{"embeddable":true,"href":"https:\/\/www.itn-logistics.com\/fr\/wp-json\/wp\/v2\/comments?post=536"}],"version-history":[{"count":9,"href":"https:\/\/www.itn-logistics.com\/fr\/wp-json\/wp\/v2\/pages\/536\/revisions"}],"predecessor-version":[{"id":652,"href":"https:\/\/www.itn-logistics.com\/fr\/wp-json\/wp\/v2\/pages\/536\/revisions\/652"}],"wp:attachment":[{"href":"https:\/\/www.itn-logistics.com\/fr\/wp-json\/wp\/v2\/media?parent=536"}],"curies":[{"name":"wp","href":"https:\/\/api.w.org\/{rel}","templated":true}]}}