{"id":516,"date":"2016-02-11T18:10:39","date_gmt":"2016-02-11T18:10:39","guid":{"rendered":"http:\/\/new.itn-logistics.com\/fr\/?page_id=516"},"modified":"2016-02-11T18:10:39","modified_gmt":"2016-02-11T18:10:39","slug":"liens-utiles","status":"publish","type":"page","link":"https:\/\/www.itn-logistics.com\/fr\/ressources\/liens-utiles\/","title":{"rendered":"Liens utiles"},"content":{"rendered":"<section class=\"l-section wpb_row height_medium\"><div class=\"l-section-h g-html i-cf\"><div class=\"g-cols offset_medium\"><div class=\" full-width\"><div class=\"wpb_text_column \"><div class=\"wpb_wrapper\"><p>Nous esp\u00e9rons que vous allez prosp\u00e9rer \u00e0 partir de quelques-unes des liens fournis ci-dessous. Si les liens soul\u00e8vent des questions, n&#8217;h\u00e9sitez pas \u00e0 <a href=\"https:\/\/www.itn-logistics.com\/contact-itn\/\">nous contacter<\/a>.<\/p><\/div> <\/div> [vc_empty_space height=&#8221;40px&#8221;]<div class=\"w-separator type_default size_medium thick_1 style_solid color_border cont_text\"><span class=\"w-separator-h\"><h6>Customs regulations<\/h6><\/span><\/div><div class=\"wpb_text_column \"><div class=\"wpb_wrapper\">\n<ul>\n<li><a href=\"http:\/\/www.cbp.gov\/\" target=\"_blank\"><span style=\"font-weight: 400;\">U.S. Customs and Border Protection<\/span><\/a><\/li>\n<li><a href=\"http:\/\/www.cbsa-asfc.gc.ca\/\" target=\"_blank\"><span style=\"font-weight: 400;\">Canada Border Services Agency (CBSA)<\/span><\/a><\/li>\n<li><a href=\"http:\/\/www.cscb.ca\/\" target=\"_blank\"><span style=\"font-weight: 400;\">Canadian Society of Customs Brokers<\/span><\/a><\/li>\n<li><a href=\"http:\/\/www.wcoomd.org\/\" target=\"_blank\"><span style=\"font-weight: 400;\">World Customs Organization (WCO)<\/span><\/a><\/li>\n<\/ul>\n<\/div> <\/div> [vc_empty_space height=&#8221;40px&#8221;]<div class=\"w-separator type_default size_medium thick_1 style_solid color_border cont_text\"><span class=\"w-separator-h\"><h6>Trade agreements and information<\/h6><\/span><\/div><div class=\"wpb_text_column \"><div class=\"wpb_wrapper\">\n<ul>\n<li style=\"font-weight: 400;\"><a href=\"http:\/\/www.international.gc.ca\/international\/index.aspx?view=d\" target=\"_blank\"><span style=\"font-weight: 400;\">Foreign Affairs and International Trade Canada<\/span><\/a><\/li>\n<li style=\"font-weight: 400;\"><a href=\"http:\/\/www.nafta-sec-alena.org\/\" target=\"_blank\"><span style=\"font-weight: 400;\">North American Free Trade Agreement<\/span><\/a><\/li>\n<li style=\"font-weight: 400;\"><a href=\"http:\/\/www.wto.org\/\" target=\"_blank\"><span style=\"font-weight: 400;\">World Trade Organization<\/span><\/a><\/li>\n<li style=\"font-weight: 400;\"><a href=\"http:\/\/www.citt.gc.ca\/\" target=\"_blank\"><span style=\"font-weight: 400;\">Canadian International Trade Tribunal (CITT)<\/span><\/a><\/li>\n<\/ul>\n<\/div> <\/div> [vc_empty_space height=&#8221;40px&#8221;]<div class=\"w-separator type_default size_medium thick_1 style_solid color_border cont_text\"><span class=\"w-separator-h\"><h6>Trade resources<\/h6><\/span><\/div><div class=\"wpb_text_column \"><div class=\"wpb_wrapper\">\n<ul>\n<li style=\"font-weight: 400;\"><a href=\"http:\/\/www.inspection.gc.ca\/\" target=\"_blank\"><span style=\"font-weight: 400;\">Canadian Food Inspection Agency (CFIA)<\/span><\/a><\/li>\n<li style=\"font-weight: 400;\"><a href=\"http:\/\/www.hc-sc.gc.ca\/\" target=\"_blank\"><span style=\"font-weight: 400;\">Health Canada<\/span><\/a><\/li>\n<li style=\"font-weight: 400;\"><a href=\"http:\/\/www.nrcan.gc.ca\/\" target=\"_blank\"><span style=\"font-weight: 400;\">Natural Resources Canada<\/span><\/a><\/li>\n<li style=\"font-weight: 400;\"><a href=\"http:\/\/www.cra-arc.gc.ca\/\" target=\"_blank\"><span style=\"font-weight: 400;\">Canada Revenue Agency (CRA)<\/span><\/a><\/li>\n<li style=\"font-weight: 400;\"><a href=\"http:\/\/www.ic.gc.ca\/\" target=\"_blank\"><span style=\"font-weight: 400;\">Industry Canada<\/span><\/a><\/li>\n<li style=\"font-weight: 400;\"><a href=\"http:\/\/www.edc.ca\/\" target=\"_blank\"><span style=\"font-weight: 400;\">Export Development Canada (EDC)<\/span><\/a><\/li>\n<li style=\"font-weight: 400;\"><a href=\"http:\/\/www.iecanada.com\/\" target=\"_blank\"><span style=\"font-weight: 400;\">Canadian Association of Importers and Exporters<\/span><\/a><\/li>\n<\/ul>\n<\/div> <\/div> [vc_empty_space height=&#8221;40px&#8221;]<div class=\"w-separator type_default size_medium thick_1 style_solid color_border cont_text\"><span class=\"w-separator-h\"><h6>Logistics Resource Links<\/h6><\/span><\/div><div class=\"wpb_text_column \"><div class=\"wpb_wrapper\">\n<ul>\n<li style=\"font-weight: 400;\"><a href=\"https:\/\/www.cia.gov\/library\/publications\/the-world-factbook\/\" target=\"_blank\"><span style=\"font-weight: 400;\">World Fact Book &#8211; CIA<\/span><\/a><\/li>\n<li style=\"font-weight: 400;\"><a href=\"http:\/\/babblefish.com\/language\/free-language-translation\/free-language-translators\/\" target=\"_blank\"><span style=\"font-weight: 400;\">Language Translation &#8211; Babelfish<\/span><\/a><\/li>\n<li style=\"font-weight: 400;\"><a href=\"https:\/\/maps.google.com\/\" target=\"_blank\"><span style=\"font-weight: 400;\">Search &#8211; Google Maps<\/span><\/a><\/li>\n<li style=\"font-weight: 400;\"><a href=\"http:\/\/www.canadapost.ca\/cpotools\/apps\/fpc\/business\/findByCity?execution=e1s1\" target=\"_blank\"><span style=\"font-weight: 400;\">Search &#8211; Postal Codes &#8211; Canada<\/span><\/a><\/li>\n<li style=\"font-weight: 400;\"><a href=\"http:\/\/www.worldweather.org\/\" target=\"_blank\"><span style=\"font-weight: 400;\">Weather Forecasts &#8211; World<\/span><\/a><\/li>\n<\/ul>\n<\/div> <\/div> [vc_empty_space height=&#8221;40px&#8221;]<div class=\"w-separator type_default size_medium thick_1 style_solid color_border cont_text\"><span class=\"w-separator-h\"><h6>Related information<\/h6><\/span><\/div><div class=\"wpb_text_column \"><div class=\"wpb_wrapper\">\n<ul>\n<li style=\"font-weight: 400;\"><a href=\"http:\/\/www.cbsa-asfc.gc.ca\/trade-commerce\/tariff-tarif\/2011\/01-99\/tblmod-t2011-02-eng.html\" target=\"_blank\"><span style=\"font-weight: 400;\">Canadian HS Tariff Classifications<\/span><\/a><\/li>\n<li style=\"font-weight: 400;\"><a href=\"http:\/\/en.wikipedia.org\/wiki\/Incoterms\" target=\"_blank\"><span style=\"font-weight: 400;\">2010 Incoterms Summary<\/span><\/a><\/li>\n<li style=\"font-weight: 400;\"><a href=\"http:\/\/www.canada411.ca\/\" target=\"_blank\"><span style=\"font-weight: 400;\">Search &#8211; People &amp; Businesses &#8211; Canada<\/span><\/a><\/li>\n<li style=\"font-weight: 400;\"><a href=\"http:\/\/www.numberingplans.com\/?page=dialling&amp;sub=areacodes\" target=\"_blank\"><span style=\"font-weight: 400;\">Telephone Dial Codes &#8211; International<\/span><\/a><\/li>\n<li style=\"font-weight: 400;\"><a href=\"http:\/\/www.convert-me.com\/en\/\" target=\"_blank\"><span style=\"font-weight: 400;\">Metric Conversion<\/span><\/a><\/li>\n<li style=\"font-weight: 400;\"><a href=\"http:\/\/www.theweathernetwork.com\/weather\/CAON0696\" target=\"_blank\"><span style=\"font-weight: 400;\">Weather<\/span><\/a><\/li>\n<li style=\"font-weight: 400;\"><a href=\"http:\/\/www.highwayconditions.com\/\" target=\"_blank\"><span style=\"font-weight: 400;\">Highway Conditions &#8211; Canada &amp; USA<\/span><\/a><\/li>\n<li style=\"font-weight: 400;\"><a href=\"http:\/\/education.nationalgeographic.com\/education\/mapping\/interactive-map\/?ar_a=1\" target=\"_blank\"><span style=\"font-weight: 400;\">World Maps &#8211; National Geographic<\/span><\/a><\/li>\n<li style=\"font-weight: 400;\"><a href=\"http:\/\/www.dailybread.ca\/\" target=\"_blank\"><span style=\"font-weight: 400;\">Daily Bread Food Bank<\/span><\/a><\/li>\n<\/ul>\n<\/div> <\/div> <\/div><\/div><\/div><\/section>\n","protected":false},"excerpt":{"rendered":"Nous esp\u00e9rons que vous allez prosp\u00e9rer \u00e0 partir de quelques-unes des liens fournis ci-dessous. Si les liens soul\u00e8vent des questions,...","protected":false},"author":1,"featured_media":0,"parent":521,"menu_order":0,"comment_status":"closed","ping_status":"closed","template":"","meta":{"inline_featured_image":false,"_exactmetrics_skip_tracking":false,"_exactmetrics_sitenote_active":false,"_exactmetrics_sitenote_note":"","_exactmetrics_sitenote_category":0,"footnotes":""},"class_list":["post-516","page","type-page","status-publish","hentry"],"yoast_head":"<!-- This site is optimized with the Yoast SEO plugin v27.4 - https:\/\/yoast.com\/product\/yoast-seo-wordpress\/ -->\n<title>Liens utiles - ITN Logistics<\/title>\n<meta name=\"robots\" content=\"index, follow, max-snippet:-1, max-image-preview:large, max-video-preview:-1\" \/>\n<link rel=\"canonical\" href=\"https:\/\/www.itn-logistics.com\/fr\/ressources\/liens-utiles\/\" \/>\n<meta property=\"og:locale\" content=\"fr_FR\" \/>\n<meta property=\"og:type\" content=\"article\" \/>\n<meta property=\"og:title\" content=\"Liens utiles - ITN Logistics\" \/>\n<meta property=\"og:url\" content=\"https:\/\/www.itn-logistics.com\/fr\/ressources\/liens-utiles\/\" \/>\n<meta property=\"og:site_name\" content=\"ITN Logistics\" \/>\n<meta name=\"twitter:card\" content=\"summary_large_image\" \/>\n<meta name=\"twitter:label1\" content=\"Est. reading time\" \/>\n\t<meta name=\"twitter:data1\" content=\"1 minute\" \/>\n<script type=\"application\/ld+json\" class=\"yoast-schema-graph\">{\"@context\":\"https:\\\/\\\/schema.org\",\"@graph\":[{\"@type\":\"WebPage\",\"@id\":\"https:\\\/\\\/www.itn-logistics.com\\\/fr\\\/ressources\\\/liens-utiles\\\/\",\"url\":\"https:\\\/\\\/www.itn-logistics.com\\\/fr\\\/ressources\\\/liens-utiles\\\/\",\"name\":\"Liens utiles - ITN Logistics\",\"isPartOf\":{\"@id\":\"https:\\\/\\\/www.itn-logistics.com\\\/#website\"},\"datePublished\":\"2016-02-11T18:10:39+00:00\",\"breadcrumb\":{\"@id\":\"https:\\\/\\\/www.itn-logistics.com\\\/fr\\\/ressources\\\/liens-utiles\\\/#breadcrumb\"},\"inLanguage\":\"fr-FR\",\"potentialAction\":[{\"@type\":\"ReadAction\",\"target\":[\"https:\\\/\\\/www.itn-logistics.com\\\/fr\\\/ressources\\\/liens-utiles\\\/\"]}]},{\"@type\":\"BreadcrumbList\",\"@id\":\"https:\\\/\\\/www.itn-logistics.com\\\/fr\\\/ressources\\\/liens-utiles\\\/#breadcrumb\",\"itemListElement\":[{\"@type\":\"ListItem\",\"position\":1,\"name\":\"Home\",\"item\":\"https:\\\/\\\/www.itn-logistics.com\\\/fr\\\/\"},{\"@type\":\"ListItem\",\"position\":2,\"name\":\"Ressources\",\"item\":\"https:\\\/\\\/www.itn-logistics.com\\\/fr\\\/ressources\\\/\"},{\"@type\":\"ListItem\",\"position\":3,\"name\":\"Liens utiles\"}]},{\"@type\":\"WebSite\",\"@id\":\"https:\\\/\\\/www.itn-logistics.com\\\/#website\",\"url\":\"https:\\\/\\\/www.itn-logistics.com\\\/\",\"name\":\"ITN Logistics\",\"description\":\"Making It Personal\",\"publisher\":{\"@id\":\"https:\\\/\\\/www.itn-logistics.com\\\/#organization\"},\"potentialAction\":[{\"@type\":\"SearchAction\",\"target\":{\"@type\":\"EntryPoint\",\"urlTemplate\":\"https:\\\/\\\/www.itn-logistics.com\\\/?s={search_term_string}\"},\"query-input\":{\"@type\":\"PropertyValueSpecification\",\"valueRequired\":true,\"valueName\":\"search_term_string\"}}],\"inLanguage\":\"fr-FR\"},{\"@type\":\"Organization\",\"@id\":\"https:\\\/\\\/www.itn-logistics.com\\\/#organization\",\"name\":\"ITN Logistics\",\"url\":\"https:\\\/\\\/www.itn-logistics.com\\\/\",\"logo\":{\"@type\":\"ImageObject\",\"inLanguage\":\"fr-FR\",\"@id\":\"https:\\\/\\\/www.itn-logistics.com\\\/#\\\/schema\\\/logo\\\/image\\\/\",\"url\":\"https:\\\/\\\/www.itn-logistics.com\\\/wp-content\\\/uploads\\\/2016\\\/02\\\/logo_colour.png\",\"contentUrl\":\"https:\\\/\\\/www.itn-logistics.com\\\/wp-content\\\/uploads\\\/2016\\\/02\\\/logo_colour.png\",\"width\":200,\"height\":100,\"caption\":\"ITN Logistics\"},\"image\":{\"@id\":\"https:\\\/\\\/www.itn-logistics.com\\\/#\\\/schema\\\/logo\\\/image\\\/\"}}]}<\/script>\n<!-- \/ Yoast SEO plugin. -->","yoast_head_json":{"title":"Liens utiles - ITN Logistics","robots":{"index":"index","follow":"follow","max-snippet":"max-snippet:-1","max-image-preview":"max-image-preview:large","max-video-preview":"max-video-preview:-1"},"canonical":"https:\/\/www.itn-logistics.com\/fr\/ressources\/liens-utiles\/","og_locale":"fr_FR","og_type":"article","og_title":"Liens utiles - ITN Logistics","og_url":"https:\/\/www.itn-logistics.com\/fr\/ressources\/liens-utiles\/","og_site_name":"ITN Logistics","twitter_card":"summary_large_image","twitter_misc":{"Est. reading time":"1 minute"},"schema":{"@context":"https:\/\/schema.org","@graph":[{"@type":"WebPage","@id":"https:\/\/www.itn-logistics.com\/fr\/ressources\/liens-utiles\/","url":"https:\/\/www.itn-logistics.com\/fr\/ressources\/liens-utiles\/","name":"Liens utiles - ITN Logistics","isPartOf":{"@id":"https:\/\/www.itn-logistics.com\/#website"},"datePublished":"2016-02-11T18:10:39+00:00","breadcrumb":{"@id":"https:\/\/www.itn-logistics.com\/fr\/ressources\/liens-utiles\/#breadcrumb"},"inLanguage":"fr-FR","potentialAction":[{"@type":"ReadAction","target":["https:\/\/www.itn-logistics.com\/fr\/ressources\/liens-utiles\/"]}]},{"@type":"BreadcrumbList","@id":"https:\/\/www.itn-logistics.com\/fr\/ressources\/liens-utiles\/#breadcrumb","itemListElement":[{"@type":"ListItem","position":1,"name":"Home","item":"https:\/\/www.itn-logistics.com\/fr\/"},{"@type":"ListItem","position":2,"name":"Ressources","item":"https:\/\/www.itn-logistics.com\/fr\/ressources\/"},{"@type":"ListItem","position":3,"name":"Liens utiles"}]},{"@type":"WebSite","@id":"https:\/\/www.itn-logistics.com\/#website","url":"https:\/\/www.itn-logistics.com\/","name":"ITN Logistics","description":"Making It Personal","publisher":{"@id":"https:\/\/www.itn-logistics.com\/#organization"},"potentialAction":[{"@type":"SearchAction","target":{"@type":"EntryPoint","urlTemplate":"https:\/\/www.itn-logistics.com\/?s={search_term_string}"},"query-input":{"@type":"PropertyValueSpecification","valueRequired":true,"valueName":"search_term_string"}}],"inLanguage":"fr-FR"},{"@type":"Organization","@id":"https:\/\/www.itn-logistics.com\/#organization","name":"ITN Logistics","url":"https:\/\/www.itn-logistics.com\/","logo":{"@type":"ImageObject","inLanguage":"fr-FR","@id":"https:\/\/www.itn-logistics.com\/#\/schema\/logo\/image\/","url":"https:\/\/www.itn-logistics.com\/wp-content\/uploads\/2016\/02\/logo_colour.png","contentUrl":"https:\/\/www.itn-logistics.com\/wp-content\/uploads\/2016\/02\/logo_colour.png","width":200,"height":100,"caption":"ITN Logistics"},"image":{"@id":"https:\/\/www.itn-logistics.com\/#\/schema\/logo\/image\/"}}]}},"_links":{"self":[{"href":"https:\/\/www.itn-logistics.com\/fr\/wp-json\/wp\/v2\/pages\/516","targetHints":{"allow":["GET"]}}],"collection":[{"href":"https:\/\/www.itn-logistics.com\/fr\/wp-json\/wp\/v2\/pages"}],"about":[{"href":"https:\/\/www.itn-logistics.com\/fr\/wp-json\/wp\/v2\/types\/page"}],"author":[{"embeddable":true,"href":"https:\/\/www.itn-logistics.com\/fr\/wp-json\/wp\/v2\/users\/1"}],"replies":[{"embeddable":true,"href":"https:\/\/www.itn-logistics.com\/fr\/wp-json\/wp\/v2\/comments?post=516"}],"version-history":[{"count":1,"href":"https:\/\/www.itn-logistics.com\/fr\/wp-json\/wp\/v2\/pages\/516\/revisions"}],"predecessor-version":[{"id":517,"href":"https:\/\/www.itn-logistics.com\/fr\/wp-json\/wp\/v2\/pages\/516\/revisions\/517"}],"up":[{"embeddable":true,"href":"https:\/\/www.itn-logistics.com\/fr\/wp-json\/wp\/v2\/pages\/521"}],"wp:attachment":[{"href":"https:\/\/www.itn-logistics.com\/fr\/wp-json\/wp\/v2\/media?parent=516"}],"curies":[{"name":"wp","href":"https:\/\/api.w.org\/{rel}","templated":true}]}}