{"id":505,"date":"2016-02-11T17:22:56","date_gmt":"2016-02-11T17:22:56","guid":{"rendered":"http:\/\/new.itn-logistics.com\/fr\/?page_id=505"},"modified":"2024-07-16T15:04:59","modified_gmt":"2024-07-16T19:04:59","slug":"documents-telechargeables","status":"publish","type":"page","link":"https:\/\/www.itn-logistics.com\/fr\/ressources\/documents-telechargeables\/","title":{"rendered":"Documents t\u00e9l\u00e9chargeables"},"content":{"rendered":"<section class=\"l-section wpb_row height_medium\"><div class=\"l-section-h g-html i-cf\"><div class=\"g-cols offset_medium\"><div class=\" full-width\"><div class=\"w-separator type_default size_medium thick_1 style_solid color_border cont_text\"><span class=\"w-separator-h\"><h6>Informations g\u00e9n\u00e9rales<\/h6><\/span><\/div><div class=\"wpb_text_column \"><div class=\"wpb_wrapper\">\n<ul>\n<li><a href=\"https:\/\/www.itn-logistics.com\/wp-content\/uploads\/2016\/01\/Incoterms_2000_Overview.pdf\" target=\"_blank\" rel=\"noopener\">Incoterms 2000 Aper\u00e7us<\/a><\/li>\n<li><a href=\"https:\/\/www.itn-logistics.com\/wp-content\/uploads\/2016\/01\/Shipping_Containers_Air__Sea.pdf\" target=\"_blank\" rel=\"noopener\">Conteneurs maritimes et a\u00e9riens<\/a><\/li>\n<li><a href=\"https:\/\/www.ciffa.com\/wp-content\/uploads\/2024\/01\/CIFFA-STCs-2024-French_Rebrand.pdf\" target=\"_blank\" rel=\"noopener\">Conditions G\u00e9n\u00e9rales d\u2019ITN<\/a><\/li>\n<\/ul>\n<\/div> <\/div> [vc_empty_space height=&#8221;40px&#8221;]<div class=\"w-separator type_default size_medium thick_1 style_solid color_border cont_text\"><span class=\"w-separator-h\"><h6>Information administrative ITN<\/h6><\/span><\/div><div class=\"wpb_text_column \"><div class=\"wpb_wrapper\">\n<ul>\n<li><a href=\"https:\/\/www.itn-logistics.com\/wp-content\/uploads\/2016\/01\/ITN_Credit_Application_and_Terms.pdf\" target=\"_blank\" rel=\"noopener\">Demande de cr\u00e9dit ITN<\/a><\/li>\n<li><a href=\"https:\/\/www.itn-logistics.com\/wp-content\/uploads\/2016\/01\/ITN_Insurance_Application.pdf\" target=\"_blank\" rel=\"noopener\">Demande d\u2019assurance<\/a><\/li>\n<li><a href=\"https:\/\/www.itn-logistics.com\/wp-content\/uploads\/2016\/01\/ITN_GAA_pacific1.pdf\" target=\"_blank\" rel=\"noopener\">Autorisation (procuration) de transiger \u00e0 titre de mandataire Canada<\/a><\/li>\n<li><a href=\"https:\/\/www.itn-logistics.com\/wp-content\/uploads\/2016\/01\/ShipmentInformationForm.pdf\" target=\"_blank\" rel=\"noopener\">ITN Shipment Information Form<\/a><\/li>\n<\/ul>\n<\/div> <\/div> [vc_empty_space height=&#8221;40px&#8221;]<div class=\"w-separator type_default size_medium thick_1 style_solid color_border cont_text\"><span class=\"w-separator-h\"><h6>Exportations<\/h6><\/span><\/div><div class=\"wpb_text_column \"><div class=\"wpb_wrapper\">\n<ul>\n<li><a href=\"https:\/\/www.itn-logistics.com\/wp-content\/uploads\/2016\/01\/B13A_ExDec.pdf\" target=\"_blank\" rel=\"noopener\">B13A &#8211; D\u00e9claration d&#8217;exportation<\/a><\/li>\n<li><a href=\"https:\/\/www.itn-logistics.com\/wp-content\/uploads\/2016\/01\/E15.pdf\" target=\"_blank\" rel=\"noopener\">E15 &#8211; Certificat d&#8217;exportation ou de destruction<\/a><\/li>\n<li><a href=\"https:\/\/www.itn-logistics.com\/wp-content\/uploads\/2016\/01\/SLI2.pdf\" target=\"_blank\" rel=\"noopener\">Lettre d\u2019instructions pour les connaissements<\/a><\/li>\n<li><a href=\"https:\/\/www.itn-logistics.com\/wp-content\/uploads\/2016\/01\/ProFormaUSInvoice-12Lines-32AdditionalLines.xls\" target=\"_blank\" rel=\"noopener\">US facture pro forma<\/a><\/li>\n<\/ul>\n<\/div> <\/div> [vc_empty_space height=&#8221;40px&#8221;]<div class=\"w-separator type_default size_medium thick_1 style_solid color_border cont_text\"><span class=\"w-separator-h\"><h6>Libre-\u00e9change<\/h6><\/span><\/div><div class=\"wpb_text_column \"><div class=\"wpb_wrapper\">\n<ul>\n<li>Certificat d&#8217;origine\n<ul>\n<li><a href=\"https:\/\/www.itn-logistics.com\/wp-content\/uploads\/2016\/02\/b239-fra.pdf\" target=\"_blank\" rel=\"noopener\">AL\u00c9NA<\/a><\/li>\n<li><a href=\"https:\/\/www.itn-logistics.com\/wp-content\/uploads\/2016\/01\/b240e-fill-06e_Chile_FTA.pdf\" target=\"_blank\" rel=\"noopener\">Canada-Chili<\/a><\/li>\n<li><a href=\"https:\/\/www.itn-logistics.com\/wp-content\/uploads\/2016\/01\/b246-06e_Costa_Rica_FTA.pdf\" target=\"_blank\" rel=\"noopener\">Canada-Costa Rica<\/a><\/li>\n<li><a href=\"https:\/\/www.itn-logistics.com\/wp-content\/uploads\/2016\/01\/b239-06e_Israel_FTA.pdf\" target=\"_blank\" rel=\"noopener\">Canada-Isra\u00ebl<\/a><\/li>\n<li><a href=\"https:\/\/www.itn-logistics.com\/wp-content\/uploads\/2016\/02\/bsf267-fra.pdf\" target=\"_blank\" rel=\"noopener\">Canada-P\u00e9rou<\/a><\/li>\n<li><a href=\"https:\/\/www.itn-logistics.com\/wp-content\/uploads\/2016\/02\/bsf459-fra.pdf\" target=\"_blank\" rel=\"noopener\">Canada-Colombie<\/a><\/li>\n<\/ul>\n<\/li>\n<\/ul>\n<\/div> <\/div> [vc_empty_space height=&#8221;40px&#8221;]<div class=\"w-separator type_default size_medium thick_1 style_solid color_border cont_text\"><span class=\"w-separator-h\"><h6>Importations<\/h6><\/span><\/div><div class=\"wpb_text_column \"><div class=\"wpb_wrapper\">\n<ul>\n<li>NE Demande de num\u00e9ro d\u2019entreprise<\/li>\n<li><a href=\"http:\/\/www.cbsa-asfc.gc.ca\/publications\/forms-formulaires\/ci1.pdf\" target=\"_blank\" rel=\"noopener\">CI1 Facture des douanes canadiennes<\/a><\/li>\n<li>ACIA D\u00e9claration d\u2019importation<\/li>\n<li><a href=\"http:\/\/www.cbsa.gc.ca\/publications\/forms-formulaires\/e29b.pdf\" target=\"_blank\" rel=\"noopener\">E29B Permis d\u2019admission temporaire<\/a><\/li>\n<\/ul>\n<\/div> <\/div> [vc_empty_space height=&#8221;40px&#8221;]<div class=\"w-separator type_default size_medium thick_1 style_solid color_border cont_text\"><span class=\"w-separator-h\"><h6>Technique - Guides &amp; R\u00e8glements<\/h6><\/span><\/div><div class=\"wpb_text_column \"><div class=\"wpb_wrapper\">\n<ul>\n<li><a href=\"https:\/\/www.itn-logistics.com\/wp-content\/uploads\/2016\/02\/d22-1-1-fra.pdf\" target=\"_blank\" rel=\"noopener\">M\u00e9morandum RSAP (R\u00e9gime de sanctions administratives p\u00e9cuniaires)<\/a><\/li>\n<li><a href=\"http:\/\/www.inspection.gc.ca\/plants\/plant-pests-invasive-species\/directives\/forestry\/d-98-08\/eng\/1323963831423\/1323964135993\" target=\"_blank\" rel=\"noopener\">R\u00e8glements sur les exigences relatives aux mat\u00e9riaux d&#8217;emballage en bois &#8211; aper\u00e7us<\/a><\/li>\n<\/ul>\n<\/div> <\/div> <div class=\"w-separator type_default size_medium thick_1 style_solid color_border cont_text\"><span class=\"w-separator-h\"><h6>Liens<\/h6><\/span><\/div><div class=\"wpb_text_column \"><div class=\"wpb_wrapper\">\n<ul>\n<li><a href=\"http:\/\/www.theweathernetwork.com\/ca\/weather\/ontario\/toronto\" target=\"_blank\" rel=\"noopener\">M\u00e9t\u00e9o<\/a><\/li>\n<li>SH Classification &#8211; Tarif des douanes<\/li>\n<li><a href=\"https:\/\/en.wikipedia.org\/wiki\/Incoterms\" target=\"_blank\" rel=\"noopener\">Incoterms 2010 aper\u00e7us<\/a><\/li>\n<\/ul>\n<\/div> <\/div> <\/div><\/div><\/div><\/section>\n","protected":false},"excerpt":{"rendered":"Informations g\u00e9n\u00e9rales Incoterms 2000 Aper\u00e7us Conteneurs maritimes et a\u00e9riens Conditions G\u00e9n\u00e9rales d\u2019ITN [vc_empty_space height=\"40px\"]Information administrative ITN Demande de cr\u00e9dit ITN...","protected":false},"author":1,"featured_media":0,"parent":521,"menu_order":0,"comment_status":"closed","ping_status":"closed","template":"","meta":{"inline_featured_image":false,"_exactmetrics_skip_tracking":false,"_exactmetrics_sitenote_active":false,"_exactmetrics_sitenote_note":"","_exactmetrics_sitenote_category":0,"footnotes":""},"class_list":["post-505","page","type-page","status-publish","hentry"],"yoast_head":"<!-- This site is optimized with the Yoast SEO plugin v27.5 - https:\/\/yoast.com\/product\/yoast-seo-wordpress\/ -->\n<title>Documents t\u00e9l\u00e9chargeables - ITN Logistics<\/title>\n<meta name=\"robots\" content=\"index, follow, max-snippet:-1, max-image-preview:large, max-video-preview:-1\" \/>\n<link rel=\"canonical\" href=\"https:\/\/www.itn-logistics.com\/fr\/ressources\/documents-telechargeables\/\" \/>\n<meta property=\"og:locale\" content=\"fr_FR\" \/>\n<meta property=\"og:type\" content=\"article\" \/>\n<meta property=\"og:title\" content=\"Documents t\u00e9l\u00e9chargeables - ITN Logistics\" \/>\n<meta property=\"og:url\" content=\"https:\/\/www.itn-logistics.com\/fr\/ressources\/documents-telechargeables\/\" \/>\n<meta property=\"og:site_name\" content=\"ITN Logistics\" \/>\n<meta property=\"article:modified_time\" content=\"2024-07-16T19:04:59+00:00\" \/>\n<meta name=\"twitter:card\" content=\"summary_large_image\" \/>\n<meta name=\"twitter:label1\" content=\"Est. reading time\" \/>\n\t<meta name=\"twitter:data1\" content=\"1 minute\" \/>\n<script type=\"application\/ld+json\" class=\"yoast-schema-graph\">{\"@context\":\"https:\\\/\\\/schema.org\",\"@graph\":[{\"@type\":\"WebPage\",\"@id\":\"https:\\\/\\\/www.itn-logistics.com\\\/fr\\\/ressources\\\/documents-telechargeables\\\/\",\"url\":\"https:\\\/\\\/www.itn-logistics.com\\\/fr\\\/ressources\\\/documents-telechargeables\\\/\",\"name\":\"Documents t\u00e9l\u00e9chargeables - ITN Logistics\",\"isPartOf\":{\"@id\":\"https:\\\/\\\/www.itn-logistics.com\\\/#website\"},\"datePublished\":\"2016-02-11T17:22:56+00:00\",\"dateModified\":\"2024-07-16T19:04:59+00:00\",\"breadcrumb\":{\"@id\":\"https:\\\/\\\/www.itn-logistics.com\\\/fr\\\/ressources\\\/documents-telechargeables\\\/#breadcrumb\"},\"inLanguage\":\"fr-FR\",\"potentialAction\":[{\"@type\":\"ReadAction\",\"target\":[\"https:\\\/\\\/www.itn-logistics.com\\\/fr\\\/ressources\\\/documents-telechargeables\\\/\"]}]},{\"@type\":\"BreadcrumbList\",\"@id\":\"https:\\\/\\\/www.itn-logistics.com\\\/fr\\\/ressources\\\/documents-telechargeables\\\/#breadcrumb\",\"itemListElement\":[{\"@type\":\"ListItem\",\"position\":1,\"name\":\"Home\",\"item\":\"https:\\\/\\\/www.itn-logistics.com\\\/fr\\\/\"},{\"@type\":\"ListItem\",\"position\":2,\"name\":\"Ressources\",\"item\":\"https:\\\/\\\/www.itn-logistics.com\\\/fr\\\/ressources\\\/\"},{\"@type\":\"ListItem\",\"position\":3,\"name\":\"Documents t\u00e9l\u00e9chargeables\"}]},{\"@type\":\"WebSite\",\"@id\":\"https:\\\/\\\/www.itn-logistics.com\\\/#website\",\"url\":\"https:\\\/\\\/www.itn-logistics.com\\\/\",\"name\":\"ITN Logistics\",\"description\":\"Making It Personal\",\"publisher\":{\"@id\":\"https:\\\/\\\/www.itn-logistics.com\\\/#organization\"},\"potentialAction\":[{\"@type\":\"SearchAction\",\"target\":{\"@type\":\"EntryPoint\",\"urlTemplate\":\"https:\\\/\\\/www.itn-logistics.com\\\/?s={search_term_string}\"},\"query-input\":{\"@type\":\"PropertyValueSpecification\",\"valueRequired\":true,\"valueName\":\"search_term_string\"}}],\"inLanguage\":\"fr-FR\"},{\"@type\":\"Organization\",\"@id\":\"https:\\\/\\\/www.itn-logistics.com\\\/#organization\",\"name\":\"ITN Logistics\",\"url\":\"https:\\\/\\\/www.itn-logistics.com\\\/\",\"logo\":{\"@type\":\"ImageObject\",\"inLanguage\":\"fr-FR\",\"@id\":\"https:\\\/\\\/www.itn-logistics.com\\\/#\\\/schema\\\/logo\\\/image\\\/\",\"url\":\"https:\\\/\\\/www.itn-logistics.com\\\/wp-content\\\/uploads\\\/2016\\\/02\\\/logo_colour.png\",\"contentUrl\":\"https:\\\/\\\/www.itn-logistics.com\\\/wp-content\\\/uploads\\\/2016\\\/02\\\/logo_colour.png\",\"width\":200,\"height\":100,\"caption\":\"ITN Logistics\"},\"image\":{\"@id\":\"https:\\\/\\\/www.itn-logistics.com\\\/#\\\/schema\\\/logo\\\/image\\\/\"}}]}<\/script>\n<!-- \/ Yoast SEO plugin. -->","yoast_head_json":{"title":"Documents t\u00e9l\u00e9chargeables - ITN Logistics","robots":{"index":"index","follow":"follow","max-snippet":"max-snippet:-1","max-image-preview":"max-image-preview:large","max-video-preview":"max-video-preview:-1"},"canonical":"https:\/\/www.itn-logistics.com\/fr\/ressources\/documents-telechargeables\/","og_locale":"fr_FR","og_type":"article","og_title":"Documents t\u00e9l\u00e9chargeables - ITN Logistics","og_url":"https:\/\/www.itn-logistics.com\/fr\/ressources\/documents-telechargeables\/","og_site_name":"ITN Logistics","article_modified_time":"2024-07-16T19:04:59+00:00","twitter_card":"summary_large_image","twitter_misc":{"Est. reading time":"1 minute"},"schema":{"@context":"https:\/\/schema.org","@graph":[{"@type":"WebPage","@id":"https:\/\/www.itn-logistics.com\/fr\/ressources\/documents-telechargeables\/","url":"https:\/\/www.itn-logistics.com\/fr\/ressources\/documents-telechargeables\/","name":"Documents t\u00e9l\u00e9chargeables - ITN Logistics","isPartOf":{"@id":"https:\/\/www.itn-logistics.com\/#website"},"datePublished":"2016-02-11T17:22:56+00:00","dateModified":"2024-07-16T19:04:59+00:00","breadcrumb":{"@id":"https:\/\/www.itn-logistics.com\/fr\/ressources\/documents-telechargeables\/#breadcrumb"},"inLanguage":"fr-FR","potentialAction":[{"@type":"ReadAction","target":["https:\/\/www.itn-logistics.com\/fr\/ressources\/documents-telechargeables\/"]}]},{"@type":"BreadcrumbList","@id":"https:\/\/www.itn-logistics.com\/fr\/ressources\/documents-telechargeables\/#breadcrumb","itemListElement":[{"@type":"ListItem","position":1,"name":"Home","item":"https:\/\/www.itn-logistics.com\/fr\/"},{"@type":"ListItem","position":2,"name":"Ressources","item":"https:\/\/www.itn-logistics.com\/fr\/ressources\/"},{"@type":"ListItem","position":3,"name":"Documents t\u00e9l\u00e9chargeables"}]},{"@type":"WebSite","@id":"https:\/\/www.itn-logistics.com\/#website","url":"https:\/\/www.itn-logistics.com\/","name":"ITN Logistics","description":"Making It Personal","publisher":{"@id":"https:\/\/www.itn-logistics.com\/#organization"},"potentialAction":[{"@type":"SearchAction","target":{"@type":"EntryPoint","urlTemplate":"https:\/\/www.itn-logistics.com\/?s={search_term_string}"},"query-input":{"@type":"PropertyValueSpecification","valueRequired":true,"valueName":"search_term_string"}}],"inLanguage":"fr-FR"},{"@type":"Organization","@id":"https:\/\/www.itn-logistics.com\/#organization","name":"ITN Logistics","url":"https:\/\/www.itn-logistics.com\/","logo":{"@type":"ImageObject","inLanguage":"fr-FR","@id":"https:\/\/www.itn-logistics.com\/#\/schema\/logo\/image\/","url":"https:\/\/www.itn-logistics.com\/wp-content\/uploads\/2016\/02\/logo_colour.png","contentUrl":"https:\/\/www.itn-logistics.com\/wp-content\/uploads\/2016\/02\/logo_colour.png","width":200,"height":100,"caption":"ITN Logistics"},"image":{"@id":"https:\/\/www.itn-logistics.com\/#\/schema\/logo\/image\/"}}]}},"_links":{"self":[{"href":"https:\/\/www.itn-logistics.com\/fr\/wp-json\/wp\/v2\/pages\/505","targetHints":{"allow":["GET"]}}],"collection":[{"href":"https:\/\/www.itn-logistics.com\/fr\/wp-json\/wp\/v2\/pages"}],"about":[{"href":"https:\/\/www.itn-logistics.com\/fr\/wp-json\/wp\/v2\/types\/page"}],"author":[{"embeddable":true,"href":"https:\/\/www.itn-logistics.com\/fr\/wp-json\/wp\/v2\/users\/1"}],"replies":[{"embeddable":true,"href":"https:\/\/www.itn-logistics.com\/fr\/wp-json\/wp\/v2\/comments?post=505"}],"version-history":[{"count":5,"href":"https:\/\/www.itn-logistics.com\/fr\/wp-json\/wp\/v2\/pages\/505\/revisions"}],"predecessor-version":[{"id":1637,"href":"https:\/\/www.itn-logistics.com\/fr\/wp-json\/wp\/v2\/pages\/505\/revisions\/1637"}],"up":[{"embeddable":true,"href":"https:\/\/www.itn-logistics.com\/fr\/wp-json\/wp\/v2\/pages\/521"}],"wp:attachment":[{"href":"https:\/\/www.itn-logistics.com\/fr\/wp-json\/wp\/v2\/media?parent=505"}],"curies":[{"name":"wp","href":"https:\/\/api.w.org\/{rel}","templated":true}]}}