{"id":494,"date":"2016-02-11T16:21:12","date_gmt":"2016-02-11T16:21:12","guid":{"rendered":"http:\/\/new.itn-logistics.com\/fr\/?page_id=494"},"modified":"2023-06-20T09:14:58","modified_gmt":"2023-06-20T13:14:58","slug":"transport-intermodal","status":"publish","type":"page","link":"https:\/\/www.itn-logistics.com\/fr\/services-de-logistique\/transport-intermodal\/","title":{"rendered":"Transport Intermodal"},"content":{"rendered":"<section class=\"l-section wpb_row height_medium\"><div class=\"l-section-h g-html i-cf\"><div class=\"g-cols offset_medium\"><div class=\" full-width\"><div class=\"wpb_text_column \"><div class=\"wpb_wrapper\"><p>ITN Logistics offre des services de transport intermodal au Canada pour les effets personnels \u2014 exp\u00e9diant vos meubles, vos appareils \u00e9lectrom\u00e9nagers et vos autres biens m\u00e9nagers dans des conteneurs standard d\u2019exp\u00e9ditions via le CN.<\/p>\n<p>Si vous ne voulez pas payer selon le poids \u2014 Vous \u00eates au bon endroit! Vous chargez, nous exp\u00e9dions le conteneur.<\/p>\n<p>Pour plus d\u2019information sur notre service intermodal, via le CN, s\u2019il vous plait visitez notre <a href=\"https:\/\/www.itn-logistics.com\/fr\/services-de-logistique\/transport-intermodal\/transport-intermodal-via-le-cn-questions-et-reponses\/\">rubrique de question et r\u00e9ponses<\/a>.<\/p>\n<p><em>Nous ne facturons pas nos services selon le poids, mais selon un taux fixe par conteneur. Obtenez une cotation sans aucune obligation du lundi au vendredi \u00e0 notre num\u00e9ro sans frais 1-888-594-4244, ou faites-nous parvenir un courriel. Veuillez prendre note que cette adresse courriel est prot\u00e9g\u00e9e contre les polluposteurs. Vous devez activer JavaScript afin d&#8217;y acc\u00e9der.<\/em><\/p>\n<p>Avez-vous besoin d&#8217;exp\u00e9dier votre propre conteneur? Si c&#8217;est le cas s&#8217;il vous pla\u00eet, <a href=\"https:\/\/www.itn-logistics.com\/fr\/services-de-logistique\/transport-intermodal\/demenagez-vous-avec-votre-propre-conteneur\/\">cliquez ici pour plus de d\u00e9tails<\/a>. Si vous devez d\u00e9m\u00e9nager un grand m\u00e9nage ou juste quelques boites, le service intermodal d\u2019ITN Logisitcs est une bonne option pour tous vos besoins d&#8217;exp\u00e9dition.<\/p><\/div> <\/div> <div class=\"w-separator type_default size_large thick_1 style_solid color_border cont_text\"><span class=\"w-separator-h\"><h6>Plus d'Information<\/h6><\/span><\/div><div class=\"g-cols wpb_row offset_medium vc_inner \"><div class=\" one-half\"><div class=\"w-iconbox iconpos_top size_small style_default color_custom\"><a class=\"w-iconbox-link\" href=\"http:\/\/www.itn-logistics.com\/fr\/services-de-logistique\/transport-intermodal\/transport-intermodal-via-le-cn-questions-et-reponses\/\"><div class=\"w-iconbox-icon\" style=\"color: #4d4d4d;\"><i class=\"fa fa-question\"><\/i><\/div><h4 class=\"w-iconbox-title\">Transport Intermodal via le CN \u2013 Questions et R\u00e9ponses<\/h4><\/a><\/div><\/div><div class=\" one-half\"><div class=\"w-iconbox iconpos_top size_small style_default color_custom\"><a class=\"w-iconbox-link\" href=\"http:\/\/www.itn-logistics.com\/fr\/services-de-logistique\/transport-intermodal\/demenagez-vous-vos-biens-personnels\/\"><div class=\"w-iconbox-icon\" style=\"color: #4d4d4d;\"><i class=\"fa fa-home\"><\/i><\/div><h4 class=\"w-iconbox-title\">D\u00e9m\u00e9nagez-vous vos biens personnels?<\/h4><\/a><\/div><\/div><\/div><div class=\"g-cols wpb_row offset_medium vc_inner  vc_custom_1453929166459\"><div class=\" one-half\"><div class=\"w-iconbox iconpos_top size_small style_default color_custom\"><a class=\"w-iconbox-link\" href=\"http:\/\/www.itn-logistics.com\/fr\/services-de-logistique\/transport-intermodal\/demenagez-vous-des-articles-des-pieces-ou-des-boites-individuelles\/\"><div class=\"w-iconbox-icon\" style=\"color: #4d4d4d;\"><i class=\"fa fa-archive\"><\/i><\/div><h4 class=\"w-iconbox-title\">D\u00e9m\u00e9nagez-vous des articles, des pi\u00e8ces ou des boites individuelles?<\/h4><\/a><\/div><\/div><div class=\" one-half\"><div class=\"w-iconbox iconpos_top size_small style_default color_custom\"><a class=\"w-iconbox-link\" href=\"http:\/\/www.itn-logistics.com\/fr\/services-de-logistique\/transport-intermodal\/demenagez-vous-avec-votre-propre-conteneur\/\"><div class=\"w-iconbox-icon\" style=\"color: #4d4d4d;\"><i class=\"fa fa-train\"><\/i><\/div><h4 class=\"w-iconbox-title\">D\u00e9m\u00e9nagez-vous avec votre propre conteneur?<\/h4><\/a><\/div><\/div><\/div><\/div><\/div><\/div><\/section>\n","protected":false},"excerpt":{"rendered":"ITN Logistics offre des services de transport intermodal au Canada pour les effets personnels \u2014 exp\u00e9diant vos meubles, vos appareils...","protected":false},"author":1,"featured_media":380,"parent":463,"menu_order":0,"comment_status":"closed","ping_status":"closed","template":"","meta":{"inline_featured_image":false,"_exactmetrics_skip_tracking":false,"_exactmetrics_sitenote_active":false,"_exactmetrics_sitenote_note":"","_exactmetrics_sitenote_category":0,"footnotes":""},"class_list":["post-494","page","type-page","status-publish","has-post-thumbnail","hentry"],"yoast_head":"<!-- This site is optimized with the Yoast SEO plugin v27.4 - https:\/\/yoast.com\/product\/yoast-seo-wordpress\/ -->\n<title>Transport Intermodal - ITN Logistics<\/title>\n<meta name=\"robots\" content=\"index, follow, max-snippet:-1, max-image-preview:large, max-video-preview:-1\" \/>\n<link rel=\"canonical\" href=\"https:\/\/www.itn-logistics.com\/fr\/services-de-logistique\/transport-intermodal\/\" \/>\n<meta property=\"og:locale\" content=\"fr_FR\" \/>\n<meta property=\"og:type\" content=\"article\" \/>\n<meta property=\"og:title\" content=\"Transport Intermodal - ITN Logistics\" \/>\n<meta property=\"og:url\" content=\"https:\/\/www.itn-logistics.com\/fr\/services-de-logistique\/transport-intermodal\/\" \/>\n<meta property=\"og:site_name\" content=\"ITN Logistics\" \/>\n<meta property=\"article:modified_time\" content=\"2023-06-20T13:14:58+00:00\" \/>\n<meta property=\"og:image\" content=\"https:\/\/www.itn-logistics.com\/wp-content\/uploads\/2016\/02\/strip-bg-05.jpg\" \/>\n\t<meta property=\"og:image:width\" content=\"1400\" \/>\n\t<meta property=\"og:image:height\" content=\"200\" \/>\n\t<meta property=\"og:image:type\" content=\"image\/jpeg\" \/>\n<meta name=\"twitter:card\" content=\"summary_large_image\" \/>\n<meta name=\"twitter:label1\" content=\"Est. reading time\" \/>\n\t<meta name=\"twitter:data1\" content=\"2 minutes\" \/>\n<script type=\"application\/ld+json\" class=\"yoast-schema-graph\">{\"@context\":\"https:\\\/\\\/schema.org\",\"@graph\":[{\"@type\":\"WebPage\",\"@id\":\"https:\\\/\\\/www.itn-logistics.com\\\/fr\\\/services-de-logistique\\\/transport-intermodal\\\/\",\"url\":\"https:\\\/\\\/www.itn-logistics.com\\\/fr\\\/services-de-logistique\\\/transport-intermodal\\\/\",\"name\":\"Transport Intermodal - ITN Logistics\",\"isPartOf\":{\"@id\":\"https:\\\/\\\/www.itn-logistics.com\\\/#website\"},\"primaryImageOfPage\":{\"@id\":\"https:\\\/\\\/www.itn-logistics.com\\\/fr\\\/services-de-logistique\\\/transport-intermodal\\\/#primaryimage\"},\"image\":{\"@id\":\"https:\\\/\\\/www.itn-logistics.com\\\/fr\\\/services-de-logistique\\\/transport-intermodal\\\/#primaryimage\"},\"thumbnailUrl\":\"https:\\\/\\\/www.itn-logistics.com\\\/wp-content\\\/uploads\\\/2016\\\/02\\\/strip-bg-05.jpg\",\"datePublished\":\"2016-02-11T16:21:12+00:00\",\"dateModified\":\"2023-06-20T13:14:58+00:00\",\"breadcrumb\":{\"@id\":\"https:\\\/\\\/www.itn-logistics.com\\\/fr\\\/services-de-logistique\\\/transport-intermodal\\\/#breadcrumb\"},\"inLanguage\":\"fr-FR\",\"potentialAction\":[{\"@type\":\"ReadAction\",\"target\":[\"https:\\\/\\\/www.itn-logistics.com\\\/fr\\\/services-de-logistique\\\/transport-intermodal\\\/\"]}]},{\"@type\":\"ImageObject\",\"inLanguage\":\"fr-FR\",\"@id\":\"https:\\\/\\\/www.itn-logistics.com\\\/fr\\\/services-de-logistique\\\/transport-intermodal\\\/#primaryimage\",\"url\":\"https:\\\/\\\/www.itn-logistics.com\\\/wp-content\\\/uploads\\\/2016\\\/02\\\/strip-bg-05.jpg\",\"contentUrl\":\"https:\\\/\\\/www.itn-logistics.com\\\/wp-content\\\/uploads\\\/2016\\\/02\\\/strip-bg-05.jpg\",\"width\":1400,\"height\":200},{\"@type\":\"BreadcrumbList\",\"@id\":\"https:\\\/\\\/www.itn-logistics.com\\\/fr\\\/services-de-logistique\\\/transport-intermodal\\\/#breadcrumb\",\"itemListElement\":[{\"@type\":\"ListItem\",\"position\":1,\"name\":\"Home\",\"item\":\"https:\\\/\\\/www.itn-logistics.com\\\/fr\\\/\"},{\"@type\":\"ListItem\",\"position\":2,\"name\":\"Services de Logistique\",\"item\":\"https:\\\/\\\/www.itn-logistics.com\\\/fr\\\/services-de-logistique\\\/\"},{\"@type\":\"ListItem\",\"position\":3,\"name\":\"Transport Intermodal\"}]},{\"@type\":\"WebSite\",\"@id\":\"https:\\\/\\\/www.itn-logistics.com\\\/#website\",\"url\":\"https:\\\/\\\/www.itn-logistics.com\\\/\",\"name\":\"ITN Logistics\",\"description\":\"Making It Personal\",\"publisher\":{\"@id\":\"https:\\\/\\\/www.itn-logistics.com\\\/#organization\"},\"potentialAction\":[{\"@type\":\"SearchAction\",\"target\":{\"@type\":\"EntryPoint\",\"urlTemplate\":\"https:\\\/\\\/www.itn-logistics.com\\\/?s={search_term_string}\"},\"query-input\":{\"@type\":\"PropertyValueSpecification\",\"valueRequired\":true,\"valueName\":\"search_term_string\"}}],\"inLanguage\":\"fr-FR\"},{\"@type\":\"Organization\",\"@id\":\"https:\\\/\\\/www.itn-logistics.com\\\/#organization\",\"name\":\"ITN Logistics\",\"url\":\"https:\\\/\\\/www.itn-logistics.com\\\/\",\"logo\":{\"@type\":\"ImageObject\",\"inLanguage\":\"fr-FR\",\"@id\":\"https:\\\/\\\/www.itn-logistics.com\\\/#\\\/schema\\\/logo\\\/image\\\/\",\"url\":\"https:\\\/\\\/www.itn-logistics.com\\\/wp-content\\\/uploads\\\/2016\\\/02\\\/logo_colour.png\",\"contentUrl\":\"https:\\\/\\\/www.itn-logistics.com\\\/wp-content\\\/uploads\\\/2016\\\/02\\\/logo_colour.png\",\"width\":200,\"height\":100,\"caption\":\"ITN Logistics\"},\"image\":{\"@id\":\"https:\\\/\\\/www.itn-logistics.com\\\/#\\\/schema\\\/logo\\\/image\\\/\"}}]}<\/script>\n<!-- \/ Yoast SEO plugin. -->","yoast_head_json":{"title":"Transport Intermodal - ITN Logistics","robots":{"index":"index","follow":"follow","max-snippet":"max-snippet:-1","max-image-preview":"max-image-preview:large","max-video-preview":"max-video-preview:-1"},"canonical":"https:\/\/www.itn-logistics.com\/fr\/services-de-logistique\/transport-intermodal\/","og_locale":"fr_FR","og_type":"article","og_title":"Transport Intermodal - ITN Logistics","og_url":"https:\/\/www.itn-logistics.com\/fr\/services-de-logistique\/transport-intermodal\/","og_site_name":"ITN Logistics","article_modified_time":"2023-06-20T13:14:58+00:00","og_image":[{"width":1400,"height":200,"url":"https:\/\/www.itn-logistics.com\/wp-content\/uploads\/2016\/02\/strip-bg-05.jpg","type":"image\/jpeg"}],"twitter_card":"summary_large_image","twitter_misc":{"Est. reading time":"2 minutes"},"schema":{"@context":"https:\/\/schema.org","@graph":[{"@type":"WebPage","@id":"https:\/\/www.itn-logistics.com\/fr\/services-de-logistique\/transport-intermodal\/","url":"https:\/\/www.itn-logistics.com\/fr\/services-de-logistique\/transport-intermodal\/","name":"Transport Intermodal - ITN Logistics","isPartOf":{"@id":"https:\/\/www.itn-logistics.com\/#website"},"primaryImageOfPage":{"@id":"https:\/\/www.itn-logistics.com\/fr\/services-de-logistique\/transport-intermodal\/#primaryimage"},"image":{"@id":"https:\/\/www.itn-logistics.com\/fr\/services-de-logistique\/transport-intermodal\/#primaryimage"},"thumbnailUrl":"https:\/\/www.itn-logistics.com\/wp-content\/uploads\/2016\/02\/strip-bg-05.jpg","datePublished":"2016-02-11T16:21:12+00:00","dateModified":"2023-06-20T13:14:58+00:00","breadcrumb":{"@id":"https:\/\/www.itn-logistics.com\/fr\/services-de-logistique\/transport-intermodal\/#breadcrumb"},"inLanguage":"fr-FR","potentialAction":[{"@type":"ReadAction","target":["https:\/\/www.itn-logistics.com\/fr\/services-de-logistique\/transport-intermodal\/"]}]},{"@type":"ImageObject","inLanguage":"fr-FR","@id":"https:\/\/www.itn-logistics.com\/fr\/services-de-logistique\/transport-intermodal\/#primaryimage","url":"https:\/\/www.itn-logistics.com\/wp-content\/uploads\/2016\/02\/strip-bg-05.jpg","contentUrl":"https:\/\/www.itn-logistics.com\/wp-content\/uploads\/2016\/02\/strip-bg-05.jpg","width":1400,"height":200},{"@type":"BreadcrumbList","@id":"https:\/\/www.itn-logistics.com\/fr\/services-de-logistique\/transport-intermodal\/#breadcrumb","itemListElement":[{"@type":"ListItem","position":1,"name":"Home","item":"https:\/\/www.itn-logistics.com\/fr\/"},{"@type":"ListItem","position":2,"name":"Services de Logistique","item":"https:\/\/www.itn-logistics.com\/fr\/services-de-logistique\/"},{"@type":"ListItem","position":3,"name":"Transport Intermodal"}]},{"@type":"WebSite","@id":"https:\/\/www.itn-logistics.com\/#website","url":"https:\/\/www.itn-logistics.com\/","name":"ITN Logistics","description":"Making It Personal","publisher":{"@id":"https:\/\/www.itn-logistics.com\/#organization"},"potentialAction":[{"@type":"SearchAction","target":{"@type":"EntryPoint","urlTemplate":"https:\/\/www.itn-logistics.com\/?s={search_term_string}"},"query-input":{"@type":"PropertyValueSpecification","valueRequired":true,"valueName":"search_term_string"}}],"inLanguage":"fr-FR"},{"@type":"Organization","@id":"https:\/\/www.itn-logistics.com\/#organization","name":"ITN Logistics","url":"https:\/\/www.itn-logistics.com\/","logo":{"@type":"ImageObject","inLanguage":"fr-FR","@id":"https:\/\/www.itn-logistics.com\/#\/schema\/logo\/image\/","url":"https:\/\/www.itn-logistics.com\/wp-content\/uploads\/2016\/02\/logo_colour.png","contentUrl":"https:\/\/www.itn-logistics.com\/wp-content\/uploads\/2016\/02\/logo_colour.png","width":200,"height":100,"caption":"ITN Logistics"},"image":{"@id":"https:\/\/www.itn-logistics.com\/#\/schema\/logo\/image\/"}}]}},"_links":{"self":[{"href":"https:\/\/www.itn-logistics.com\/fr\/wp-json\/wp\/v2\/pages\/494","targetHints":{"allow":["GET"]}}],"collection":[{"href":"https:\/\/www.itn-logistics.com\/fr\/wp-json\/wp\/v2\/pages"}],"about":[{"href":"https:\/\/www.itn-logistics.com\/fr\/wp-json\/wp\/v2\/types\/page"}],"author":[{"embeddable":true,"href":"https:\/\/www.itn-logistics.com\/fr\/wp-json\/wp\/v2\/users\/1"}],"replies":[{"embeddable":true,"href":"https:\/\/www.itn-logistics.com\/fr\/wp-json\/wp\/v2\/comments?post=494"}],"version-history":[{"count":7,"href":"https:\/\/www.itn-logistics.com\/fr\/wp-json\/wp\/v2\/pages\/494\/revisions"}],"predecessor-version":[{"id":1368,"href":"https:\/\/www.itn-logistics.com\/fr\/wp-json\/wp\/v2\/pages\/494\/revisions\/1368"}],"up":[{"embeddable":true,"href":"https:\/\/www.itn-logistics.com\/fr\/wp-json\/wp\/v2\/pages\/463"}],"wp:featuredmedia":[{"embeddable":true,"href":"https:\/\/www.itn-logistics.com\/fr\/wp-json\/wp\/v2\/media\/380"}],"wp:attachment":[{"href":"https:\/\/www.itn-logistics.com\/fr\/wp-json\/wp\/v2\/media?parent=494"}],"curies":[{"name":"wp","href":"https:\/\/api.w.org\/{rel}","templated":true}]}}