{"id":490,"date":"2016-02-11T16:10:18","date_gmt":"2016-02-11T16:10:18","guid":{"rendered":"http:\/\/new.itn-logistics.com\/fr\/?page_id=490"},"modified":"2016-02-11T16:10:18","modified_gmt":"2016-02-11T16:10:18","slug":"services-dentreposage-et-de-distribution","status":"publish","type":"page","link":"https:\/\/www.itn-logistics.com\/fr\/services-de-logistique\/services-dentreposage-et-de-distribution\/","title":{"rendered":"Services d&#8217;entreposage et de Distribution"},"content":{"rendered":"<section class=\"l-section wpb_row height_medium\"><div class=\"l-section-h g-html i-cf\"><div class=\"g-cols offset_medium\"><div class=\" full-width\"><div class=\"wpb_text_column \"><div class=\"wpb_wrapper\"><p>ITN facilite le processus de logistique avec une infrastructure compr\u00e9hensive d\u2019entreposage et de distribution qui permet la gestion fluide de stock, d\u2019entreposage et de transport.<\/p>\n<ul>\n<li>Entreposage et entreposage de stockage des douanes<\/li>\n<li>Ex\u00e9cution de commande :\n<ul>\n<li>Consolidation de commande<\/li>\n<li>Pr\u00e9l\u00e8vement et emballage<\/li>\n<li>\u00c9tiquetage<\/li>\n<li>Palettes sur mesure<\/li>\n<\/ul>\n<\/li>\n<li>Distribution et consolidation :\n<ul>\n<li>Service d\u2019acheminement exp\u00e9di\u00e9<\/li>\n<li>Service a\u00e9rien disponible<\/li>\n<li>Service de transbordement le jour m\u00eame<\/li>\n<li>Exp\u00e9dition de plusieurs commandes au m\u00eame destinataire le m\u00eame jour<\/li>\n<li>Emballage et mise en caisson pour l\u2019exportation<\/li>\n<li>Chargement et arrimage de conteneurs pour l\u2019exportation<\/li>\n<\/ul>\n<\/li>\n<\/ul>\n<\/p><\/div> <\/div> <\/div><\/div><\/div><\/section>\n","protected":false},"excerpt":{"rendered":"ITN facilite le processus de logistique avec une infrastructure compr\u00e9hensive d\u2019entreposage et de distribution qui permet la gestion fluide de...","protected":false},"author":1,"featured_media":382,"parent":463,"menu_order":0,"comment_status":"closed","ping_status":"closed","template":"","meta":{"inline_featured_image":false,"_exactmetrics_skip_tracking":false,"_exactmetrics_sitenote_active":false,"_exactmetrics_sitenote_note":"","_exactmetrics_sitenote_category":0,"footnotes":""},"class_list":["post-490","page","type-page","status-publish","has-post-thumbnail","hentry"],"yoast_head":"<!-- This site is optimized with the Yoast SEO plugin v27.4 - https:\/\/yoast.com\/product\/yoast-seo-wordpress\/ -->\n<title>Services d&#039;entreposage et de Distribution - ITN Logistics<\/title>\n<meta name=\"robots\" content=\"index, follow, max-snippet:-1, max-image-preview:large, max-video-preview:-1\" \/>\n<link rel=\"canonical\" href=\"https:\/\/www.itn-logistics.com\/fr\/services-de-logistique\/services-dentreposage-et-de-distribution\/\" \/>\n<meta property=\"og:locale\" content=\"fr_FR\" \/>\n<meta property=\"og:type\" content=\"article\" \/>\n<meta property=\"og:title\" content=\"Services d&#039;entreposage et de Distribution - ITN Logistics\" \/>\n<meta property=\"og:url\" content=\"https:\/\/www.itn-logistics.com\/fr\/services-de-logistique\/services-dentreposage-et-de-distribution\/\" \/>\n<meta property=\"og:site_name\" content=\"ITN Logistics\" \/>\n<meta property=\"og:image\" content=\"https:\/\/www.itn-logistics.com\/wp-content\/uploads\/2016\/02\/strip-bg-07.jpg\" \/>\n\t<meta property=\"og:image:width\" content=\"1400\" \/>\n\t<meta property=\"og:image:height\" content=\"200\" \/>\n\t<meta property=\"og:image:type\" content=\"image\/jpeg\" \/>\n<meta name=\"twitter:card\" content=\"summary_large_image\" \/>\n<meta name=\"twitter:label1\" content=\"Est. reading time\" \/>\n\t<meta name=\"twitter:data1\" content=\"1 minute\" \/>\n<script type=\"application\/ld+json\" class=\"yoast-schema-graph\">{\"@context\":\"https:\\\/\\\/schema.org\",\"@graph\":[{\"@type\":\"WebPage\",\"@id\":\"https:\\\/\\\/www.itn-logistics.com\\\/fr\\\/services-de-logistique\\\/services-dentreposage-et-de-distribution\\\/\",\"url\":\"https:\\\/\\\/www.itn-logistics.com\\\/fr\\\/services-de-logistique\\\/services-dentreposage-et-de-distribution\\\/\",\"name\":\"Services d'entreposage et de Distribution - ITN Logistics\",\"isPartOf\":{\"@id\":\"https:\\\/\\\/www.itn-logistics.com\\\/#website\"},\"primaryImageOfPage\":{\"@id\":\"https:\\\/\\\/www.itn-logistics.com\\\/fr\\\/services-de-logistique\\\/services-dentreposage-et-de-distribution\\\/#primaryimage\"},\"image\":{\"@id\":\"https:\\\/\\\/www.itn-logistics.com\\\/fr\\\/services-de-logistique\\\/services-dentreposage-et-de-distribution\\\/#primaryimage\"},\"thumbnailUrl\":\"https:\\\/\\\/www.itn-logistics.com\\\/wp-content\\\/uploads\\\/2016\\\/02\\\/strip-bg-07.jpg\",\"datePublished\":\"2016-02-11T16:10:18+00:00\",\"breadcrumb\":{\"@id\":\"https:\\\/\\\/www.itn-logistics.com\\\/fr\\\/services-de-logistique\\\/services-dentreposage-et-de-distribution\\\/#breadcrumb\"},\"inLanguage\":\"fr-FR\",\"potentialAction\":[{\"@type\":\"ReadAction\",\"target\":[\"https:\\\/\\\/www.itn-logistics.com\\\/fr\\\/services-de-logistique\\\/services-dentreposage-et-de-distribution\\\/\"]}]},{\"@type\":\"ImageObject\",\"inLanguage\":\"fr-FR\",\"@id\":\"https:\\\/\\\/www.itn-logistics.com\\\/fr\\\/services-de-logistique\\\/services-dentreposage-et-de-distribution\\\/#primaryimage\",\"url\":\"https:\\\/\\\/www.itn-logistics.com\\\/wp-content\\\/uploads\\\/2016\\\/02\\\/strip-bg-07.jpg\",\"contentUrl\":\"https:\\\/\\\/www.itn-logistics.com\\\/wp-content\\\/uploads\\\/2016\\\/02\\\/strip-bg-07.jpg\",\"width\":1400,\"height\":200},{\"@type\":\"BreadcrumbList\",\"@id\":\"https:\\\/\\\/www.itn-logistics.com\\\/fr\\\/services-de-logistique\\\/services-dentreposage-et-de-distribution\\\/#breadcrumb\",\"itemListElement\":[{\"@type\":\"ListItem\",\"position\":1,\"name\":\"Home\",\"item\":\"https:\\\/\\\/www.itn-logistics.com\\\/fr\\\/\"},{\"@type\":\"ListItem\",\"position\":2,\"name\":\"Services de Logistique\",\"item\":\"https:\\\/\\\/www.itn-logistics.com\\\/fr\\\/services-de-logistique\\\/\"},{\"@type\":\"ListItem\",\"position\":3,\"name\":\"Services d&#8217;entreposage et de Distribution\"}]},{\"@type\":\"WebSite\",\"@id\":\"https:\\\/\\\/www.itn-logistics.com\\\/#website\",\"url\":\"https:\\\/\\\/www.itn-logistics.com\\\/\",\"name\":\"ITN Logistics\",\"description\":\"Making It Personal\",\"publisher\":{\"@id\":\"https:\\\/\\\/www.itn-logistics.com\\\/#organization\"},\"potentialAction\":[{\"@type\":\"SearchAction\",\"target\":{\"@type\":\"EntryPoint\",\"urlTemplate\":\"https:\\\/\\\/www.itn-logistics.com\\\/?s={search_term_string}\"},\"query-input\":{\"@type\":\"PropertyValueSpecification\",\"valueRequired\":true,\"valueName\":\"search_term_string\"}}],\"inLanguage\":\"fr-FR\"},{\"@type\":\"Organization\",\"@id\":\"https:\\\/\\\/www.itn-logistics.com\\\/#organization\",\"name\":\"ITN Logistics\",\"url\":\"https:\\\/\\\/www.itn-logistics.com\\\/\",\"logo\":{\"@type\":\"ImageObject\",\"inLanguage\":\"fr-FR\",\"@id\":\"https:\\\/\\\/www.itn-logistics.com\\\/#\\\/schema\\\/logo\\\/image\\\/\",\"url\":\"https:\\\/\\\/www.itn-logistics.com\\\/wp-content\\\/uploads\\\/2016\\\/02\\\/logo_colour.png\",\"contentUrl\":\"https:\\\/\\\/www.itn-logistics.com\\\/wp-content\\\/uploads\\\/2016\\\/02\\\/logo_colour.png\",\"width\":200,\"height\":100,\"caption\":\"ITN Logistics\"},\"image\":{\"@id\":\"https:\\\/\\\/www.itn-logistics.com\\\/#\\\/schema\\\/logo\\\/image\\\/\"}}]}<\/script>\n<!-- \/ Yoast SEO plugin. -->","yoast_head_json":{"title":"Services d'entreposage et de Distribution - ITN Logistics","robots":{"index":"index","follow":"follow","max-snippet":"max-snippet:-1","max-image-preview":"max-image-preview:large","max-video-preview":"max-video-preview:-1"},"canonical":"https:\/\/www.itn-logistics.com\/fr\/services-de-logistique\/services-dentreposage-et-de-distribution\/","og_locale":"fr_FR","og_type":"article","og_title":"Services d'entreposage et de Distribution - ITN Logistics","og_url":"https:\/\/www.itn-logistics.com\/fr\/services-de-logistique\/services-dentreposage-et-de-distribution\/","og_site_name":"ITN Logistics","og_image":[{"width":1400,"height":200,"url":"https:\/\/www.itn-logistics.com\/wp-content\/uploads\/2016\/02\/strip-bg-07.jpg","type":"image\/jpeg"}],"twitter_card":"summary_large_image","twitter_misc":{"Est. reading time":"1 minute"},"schema":{"@context":"https:\/\/schema.org","@graph":[{"@type":"WebPage","@id":"https:\/\/www.itn-logistics.com\/fr\/services-de-logistique\/services-dentreposage-et-de-distribution\/","url":"https:\/\/www.itn-logistics.com\/fr\/services-de-logistique\/services-dentreposage-et-de-distribution\/","name":"Services d'entreposage et de Distribution - ITN Logistics","isPartOf":{"@id":"https:\/\/www.itn-logistics.com\/#website"},"primaryImageOfPage":{"@id":"https:\/\/www.itn-logistics.com\/fr\/services-de-logistique\/services-dentreposage-et-de-distribution\/#primaryimage"},"image":{"@id":"https:\/\/www.itn-logistics.com\/fr\/services-de-logistique\/services-dentreposage-et-de-distribution\/#primaryimage"},"thumbnailUrl":"https:\/\/www.itn-logistics.com\/wp-content\/uploads\/2016\/02\/strip-bg-07.jpg","datePublished":"2016-02-11T16:10:18+00:00","breadcrumb":{"@id":"https:\/\/www.itn-logistics.com\/fr\/services-de-logistique\/services-dentreposage-et-de-distribution\/#breadcrumb"},"inLanguage":"fr-FR","potentialAction":[{"@type":"ReadAction","target":["https:\/\/www.itn-logistics.com\/fr\/services-de-logistique\/services-dentreposage-et-de-distribution\/"]}]},{"@type":"ImageObject","inLanguage":"fr-FR","@id":"https:\/\/www.itn-logistics.com\/fr\/services-de-logistique\/services-dentreposage-et-de-distribution\/#primaryimage","url":"https:\/\/www.itn-logistics.com\/wp-content\/uploads\/2016\/02\/strip-bg-07.jpg","contentUrl":"https:\/\/www.itn-logistics.com\/wp-content\/uploads\/2016\/02\/strip-bg-07.jpg","width":1400,"height":200},{"@type":"BreadcrumbList","@id":"https:\/\/www.itn-logistics.com\/fr\/services-de-logistique\/services-dentreposage-et-de-distribution\/#breadcrumb","itemListElement":[{"@type":"ListItem","position":1,"name":"Home","item":"https:\/\/www.itn-logistics.com\/fr\/"},{"@type":"ListItem","position":2,"name":"Services de Logistique","item":"https:\/\/www.itn-logistics.com\/fr\/services-de-logistique\/"},{"@type":"ListItem","position":3,"name":"Services d&#8217;entreposage et de Distribution"}]},{"@type":"WebSite","@id":"https:\/\/www.itn-logistics.com\/#website","url":"https:\/\/www.itn-logistics.com\/","name":"ITN Logistics","description":"Making It Personal","publisher":{"@id":"https:\/\/www.itn-logistics.com\/#organization"},"potentialAction":[{"@type":"SearchAction","target":{"@type":"EntryPoint","urlTemplate":"https:\/\/www.itn-logistics.com\/?s={search_term_string}"},"query-input":{"@type":"PropertyValueSpecification","valueRequired":true,"valueName":"search_term_string"}}],"inLanguage":"fr-FR"},{"@type":"Organization","@id":"https:\/\/www.itn-logistics.com\/#organization","name":"ITN Logistics","url":"https:\/\/www.itn-logistics.com\/","logo":{"@type":"ImageObject","inLanguage":"fr-FR","@id":"https:\/\/www.itn-logistics.com\/#\/schema\/logo\/image\/","url":"https:\/\/www.itn-logistics.com\/wp-content\/uploads\/2016\/02\/logo_colour.png","contentUrl":"https:\/\/www.itn-logistics.com\/wp-content\/uploads\/2016\/02\/logo_colour.png","width":200,"height":100,"caption":"ITN Logistics"},"image":{"@id":"https:\/\/www.itn-logistics.com\/#\/schema\/logo\/image\/"}}]}},"_links":{"self":[{"href":"https:\/\/www.itn-logistics.com\/fr\/wp-json\/wp\/v2\/pages\/490","targetHints":{"allow":["GET"]}}],"collection":[{"href":"https:\/\/www.itn-logistics.com\/fr\/wp-json\/wp\/v2\/pages"}],"about":[{"href":"https:\/\/www.itn-logistics.com\/fr\/wp-json\/wp\/v2\/types\/page"}],"author":[{"embeddable":true,"href":"https:\/\/www.itn-logistics.com\/fr\/wp-json\/wp\/v2\/users\/1"}],"replies":[{"embeddable":true,"href":"https:\/\/www.itn-logistics.com\/fr\/wp-json\/wp\/v2\/comments?post=490"}],"version-history":[{"count":1,"href":"https:\/\/www.itn-logistics.com\/fr\/wp-json\/wp\/v2\/pages\/490\/revisions"}],"predecessor-version":[{"id":491,"href":"https:\/\/www.itn-logistics.com\/fr\/wp-json\/wp\/v2\/pages\/490\/revisions\/491"}],"up":[{"embeddable":true,"href":"https:\/\/www.itn-logistics.com\/fr\/wp-json\/wp\/v2\/pages\/463"}],"wp:featuredmedia":[{"embeddable":true,"href":"https:\/\/www.itn-logistics.com\/fr\/wp-json\/wp\/v2\/media\/382"}],"wp:attachment":[{"href":"https:\/\/www.itn-logistics.com\/fr\/wp-json\/wp\/v2\/media?parent=490"}],"curies":[{"name":"wp","href":"https:\/\/api.w.org\/{rel}","templated":true}]}}