{"id":480,"date":"2016-02-11T15:58:23","date_gmt":"2016-02-11T15:58:23","guid":{"rendered":"http:\/\/new.itn-logistics.com\/fr\/?page_id=480"},"modified":"2016-02-11T15:58:23","modified_gmt":"2016-02-11T15:58:23","slug":"fret-aerien-international","status":"publish","type":"page","link":"https:\/\/www.itn-logistics.com\/fr\/services-de-logistique\/fret-aerien-international\/","title":{"rendered":"Fret A\u00e9rien International"},"content":{"rendered":"<section class=\"l-section wpb_row height_medium\"><div class=\"l-section-h g-html i-cf\"><div class=\"g-cols offset_medium\"><div class=\" full-width\"><div class=\"wpb_text_column \"><div class=\"wpb_wrapper\"><p>ITN est un partenaire fiable et de confiance pour satisfaire vos besoins d\u2019exp\u00e9dition de fret et de logistique. Avec notre r\u00e9seau de transport international et nos partenaires de logistique outre-mer, nous exp\u00e9dions tous les types de marchandises \u2014 y compris les marchandises n\u00e9cessitant une temp\u00e9rature contr\u00f4l\u00e9e et les marchandises dangereuses. Nous offrons des services d\u2019affr\u00e8tement pour les cargaisons sp\u00e9cialis\u00e9es ou hors dimension; nous offrons une \u00e9quipe de service \u00e0 la client\u00e8le 24 heures sur 24 et encore plus.<\/p>\n<p>ITN Logistics offre des services de logistique internationaux afin de faciliter l&#8217;exp\u00e9dition de vos marchandises par l&#8217;interm\u00e9diaire du fret a\u00e9rien. Ci-dessous sont quelques-unes des activit\u00e9s que nous offrons pour le transport a\u00e9rien.<\/p>\n<ul>\n<li>Import et export<\/li>\n<li>Express \u2013 transit rapide<\/li>\n<li>Groupage \u2014 routage \u00e9conomique<\/li>\n<li>Chargement et manutention de conteneur a\u00e9rien<\/li>\n<li>Horaire fixe de d\u00e9parts et d\u2019arriv\u00e9es des cargaisons<\/li>\n<li>Affr\u00e8tement pour les envois tr\u00e8s volumineux ou pr\u00e9cieux<\/li>\n<li>Toutes commodit\u00e9s \u2014 y compris \u00e0 temp\u00e9rature contr\u00f4l\u00e9e<\/li>\n<li>Service de soutien 24 heures par jour<\/li>\n<li>Suivie d\u2019exp\u00e9dition<\/li>\n<\/ul>\n<\/p><\/div> <\/div> <\/div><\/div><\/div><\/section>\n","protected":false},"excerpt":{"rendered":"ITN est un partenaire fiable et de confiance pour satisfaire vos besoins d\u2019exp\u00e9dition de fret et de logistique. Avec notre...","protected":false},"author":1,"featured_media":381,"parent":463,"menu_order":0,"comment_status":"closed","ping_status":"closed","template":"","meta":{"inline_featured_image":false,"_exactmetrics_skip_tracking":false,"_exactmetrics_sitenote_active":false,"_exactmetrics_sitenote_note":"","_exactmetrics_sitenote_category":0,"footnotes":""},"class_list":["post-480","page","type-page","status-publish","has-post-thumbnail","hentry"],"yoast_head":"<!-- This site is optimized with the Yoast SEO plugin v27.4 - https:\/\/yoast.com\/product\/yoast-seo-wordpress\/ -->\n<title>Fret A\u00e9rien International - ITN Logistics<\/title>\n<meta name=\"robots\" content=\"index, follow, max-snippet:-1, max-image-preview:large, max-video-preview:-1\" \/>\n<link rel=\"canonical\" href=\"https:\/\/www.itn-logistics.com\/fr\/services-de-logistique\/fret-aerien-international\/\" \/>\n<meta property=\"og:locale\" content=\"fr_FR\" \/>\n<meta property=\"og:type\" content=\"article\" \/>\n<meta property=\"og:title\" content=\"Fret A\u00e9rien International - ITN Logistics\" \/>\n<meta property=\"og:url\" content=\"https:\/\/www.itn-logistics.com\/fr\/services-de-logistique\/fret-aerien-international\/\" \/>\n<meta property=\"og:site_name\" content=\"ITN Logistics\" \/>\n<meta property=\"og:image\" content=\"https:\/\/www.itn-logistics.com\/wp-content\/uploads\/2016\/02\/strip-bg-06.jpg\" \/>\n\t<meta property=\"og:image:width\" content=\"1400\" \/>\n\t<meta property=\"og:image:height\" content=\"200\" \/>\n\t<meta property=\"og:image:type\" content=\"image\/jpeg\" \/>\n<meta name=\"twitter:card\" content=\"summary_large_image\" \/>\n<meta name=\"twitter:label1\" content=\"Est. reading time\" \/>\n\t<meta name=\"twitter:data1\" content=\"1 minute\" \/>\n<script type=\"application\/ld+json\" class=\"yoast-schema-graph\">{\"@context\":\"https:\\\/\\\/schema.org\",\"@graph\":[{\"@type\":\"WebPage\",\"@id\":\"https:\\\/\\\/www.itn-logistics.com\\\/fr\\\/services-de-logistique\\\/fret-aerien-international\\\/\",\"url\":\"https:\\\/\\\/www.itn-logistics.com\\\/fr\\\/services-de-logistique\\\/fret-aerien-international\\\/\",\"name\":\"Fret A\u00e9rien International - ITN Logistics\",\"isPartOf\":{\"@id\":\"https:\\\/\\\/www.itn-logistics.com\\\/#website\"},\"primaryImageOfPage\":{\"@id\":\"https:\\\/\\\/www.itn-logistics.com\\\/fr\\\/services-de-logistique\\\/fret-aerien-international\\\/#primaryimage\"},\"image\":{\"@id\":\"https:\\\/\\\/www.itn-logistics.com\\\/fr\\\/services-de-logistique\\\/fret-aerien-international\\\/#primaryimage\"},\"thumbnailUrl\":\"https:\\\/\\\/www.itn-logistics.com\\\/wp-content\\\/uploads\\\/2016\\\/02\\\/strip-bg-06.jpg\",\"datePublished\":\"2016-02-11T15:58:23+00:00\",\"breadcrumb\":{\"@id\":\"https:\\\/\\\/www.itn-logistics.com\\\/fr\\\/services-de-logistique\\\/fret-aerien-international\\\/#breadcrumb\"},\"inLanguage\":\"fr-FR\",\"potentialAction\":[{\"@type\":\"ReadAction\",\"target\":[\"https:\\\/\\\/www.itn-logistics.com\\\/fr\\\/services-de-logistique\\\/fret-aerien-international\\\/\"]}]},{\"@type\":\"ImageObject\",\"inLanguage\":\"fr-FR\",\"@id\":\"https:\\\/\\\/www.itn-logistics.com\\\/fr\\\/services-de-logistique\\\/fret-aerien-international\\\/#primaryimage\",\"url\":\"https:\\\/\\\/www.itn-logistics.com\\\/wp-content\\\/uploads\\\/2016\\\/02\\\/strip-bg-06.jpg\",\"contentUrl\":\"https:\\\/\\\/www.itn-logistics.com\\\/wp-content\\\/uploads\\\/2016\\\/02\\\/strip-bg-06.jpg\",\"width\":1400,\"height\":200},{\"@type\":\"BreadcrumbList\",\"@id\":\"https:\\\/\\\/www.itn-logistics.com\\\/fr\\\/services-de-logistique\\\/fret-aerien-international\\\/#breadcrumb\",\"itemListElement\":[{\"@type\":\"ListItem\",\"position\":1,\"name\":\"Home\",\"item\":\"https:\\\/\\\/www.itn-logistics.com\\\/fr\\\/\"},{\"@type\":\"ListItem\",\"position\":2,\"name\":\"Services de Logistique\",\"item\":\"https:\\\/\\\/www.itn-logistics.com\\\/fr\\\/services-de-logistique\\\/\"},{\"@type\":\"ListItem\",\"position\":3,\"name\":\"Fret A\u00e9rien International\"}]},{\"@type\":\"WebSite\",\"@id\":\"https:\\\/\\\/www.itn-logistics.com\\\/#website\",\"url\":\"https:\\\/\\\/www.itn-logistics.com\\\/\",\"name\":\"ITN Logistics\",\"description\":\"Making It Personal\",\"publisher\":{\"@id\":\"https:\\\/\\\/www.itn-logistics.com\\\/#organization\"},\"potentialAction\":[{\"@type\":\"SearchAction\",\"target\":{\"@type\":\"EntryPoint\",\"urlTemplate\":\"https:\\\/\\\/www.itn-logistics.com\\\/?s={search_term_string}\"},\"query-input\":{\"@type\":\"PropertyValueSpecification\",\"valueRequired\":true,\"valueName\":\"search_term_string\"}}],\"inLanguage\":\"fr-FR\"},{\"@type\":\"Organization\",\"@id\":\"https:\\\/\\\/www.itn-logistics.com\\\/#organization\",\"name\":\"ITN Logistics\",\"url\":\"https:\\\/\\\/www.itn-logistics.com\\\/\",\"logo\":{\"@type\":\"ImageObject\",\"inLanguage\":\"fr-FR\",\"@id\":\"https:\\\/\\\/www.itn-logistics.com\\\/#\\\/schema\\\/logo\\\/image\\\/\",\"url\":\"https:\\\/\\\/www.itn-logistics.com\\\/wp-content\\\/uploads\\\/2016\\\/02\\\/logo_colour.png\",\"contentUrl\":\"https:\\\/\\\/www.itn-logistics.com\\\/wp-content\\\/uploads\\\/2016\\\/02\\\/logo_colour.png\",\"width\":200,\"height\":100,\"caption\":\"ITN Logistics\"},\"image\":{\"@id\":\"https:\\\/\\\/www.itn-logistics.com\\\/#\\\/schema\\\/logo\\\/image\\\/\"}}]}<\/script>\n<!-- \/ Yoast SEO plugin. -->","yoast_head_json":{"title":"Fret A\u00e9rien International - ITN Logistics","robots":{"index":"index","follow":"follow","max-snippet":"max-snippet:-1","max-image-preview":"max-image-preview:large","max-video-preview":"max-video-preview:-1"},"canonical":"https:\/\/www.itn-logistics.com\/fr\/services-de-logistique\/fret-aerien-international\/","og_locale":"fr_FR","og_type":"article","og_title":"Fret A\u00e9rien International - ITN Logistics","og_url":"https:\/\/www.itn-logistics.com\/fr\/services-de-logistique\/fret-aerien-international\/","og_site_name":"ITN Logistics","og_image":[{"width":1400,"height":200,"url":"https:\/\/www.itn-logistics.com\/wp-content\/uploads\/2016\/02\/strip-bg-06.jpg","type":"image\/jpeg"}],"twitter_card":"summary_large_image","twitter_misc":{"Est. reading time":"1 minute"},"schema":{"@context":"https:\/\/schema.org","@graph":[{"@type":"WebPage","@id":"https:\/\/www.itn-logistics.com\/fr\/services-de-logistique\/fret-aerien-international\/","url":"https:\/\/www.itn-logistics.com\/fr\/services-de-logistique\/fret-aerien-international\/","name":"Fret A\u00e9rien International - ITN Logistics","isPartOf":{"@id":"https:\/\/www.itn-logistics.com\/#website"},"primaryImageOfPage":{"@id":"https:\/\/www.itn-logistics.com\/fr\/services-de-logistique\/fret-aerien-international\/#primaryimage"},"image":{"@id":"https:\/\/www.itn-logistics.com\/fr\/services-de-logistique\/fret-aerien-international\/#primaryimage"},"thumbnailUrl":"https:\/\/www.itn-logistics.com\/wp-content\/uploads\/2016\/02\/strip-bg-06.jpg","datePublished":"2016-02-11T15:58:23+00:00","breadcrumb":{"@id":"https:\/\/www.itn-logistics.com\/fr\/services-de-logistique\/fret-aerien-international\/#breadcrumb"},"inLanguage":"fr-FR","potentialAction":[{"@type":"ReadAction","target":["https:\/\/www.itn-logistics.com\/fr\/services-de-logistique\/fret-aerien-international\/"]}]},{"@type":"ImageObject","inLanguage":"fr-FR","@id":"https:\/\/www.itn-logistics.com\/fr\/services-de-logistique\/fret-aerien-international\/#primaryimage","url":"https:\/\/www.itn-logistics.com\/wp-content\/uploads\/2016\/02\/strip-bg-06.jpg","contentUrl":"https:\/\/www.itn-logistics.com\/wp-content\/uploads\/2016\/02\/strip-bg-06.jpg","width":1400,"height":200},{"@type":"BreadcrumbList","@id":"https:\/\/www.itn-logistics.com\/fr\/services-de-logistique\/fret-aerien-international\/#breadcrumb","itemListElement":[{"@type":"ListItem","position":1,"name":"Home","item":"https:\/\/www.itn-logistics.com\/fr\/"},{"@type":"ListItem","position":2,"name":"Services de Logistique","item":"https:\/\/www.itn-logistics.com\/fr\/services-de-logistique\/"},{"@type":"ListItem","position":3,"name":"Fret A\u00e9rien International"}]},{"@type":"WebSite","@id":"https:\/\/www.itn-logistics.com\/#website","url":"https:\/\/www.itn-logistics.com\/","name":"ITN Logistics","description":"Making It Personal","publisher":{"@id":"https:\/\/www.itn-logistics.com\/#organization"},"potentialAction":[{"@type":"SearchAction","target":{"@type":"EntryPoint","urlTemplate":"https:\/\/www.itn-logistics.com\/?s={search_term_string}"},"query-input":{"@type":"PropertyValueSpecification","valueRequired":true,"valueName":"search_term_string"}}],"inLanguage":"fr-FR"},{"@type":"Organization","@id":"https:\/\/www.itn-logistics.com\/#organization","name":"ITN Logistics","url":"https:\/\/www.itn-logistics.com\/","logo":{"@type":"ImageObject","inLanguage":"fr-FR","@id":"https:\/\/www.itn-logistics.com\/#\/schema\/logo\/image\/","url":"https:\/\/www.itn-logistics.com\/wp-content\/uploads\/2016\/02\/logo_colour.png","contentUrl":"https:\/\/www.itn-logistics.com\/wp-content\/uploads\/2016\/02\/logo_colour.png","width":200,"height":100,"caption":"ITN Logistics"},"image":{"@id":"https:\/\/www.itn-logistics.com\/#\/schema\/logo\/image\/"}}]}},"_links":{"self":[{"href":"https:\/\/www.itn-logistics.com\/fr\/wp-json\/wp\/v2\/pages\/480","targetHints":{"allow":["GET"]}}],"collection":[{"href":"https:\/\/www.itn-logistics.com\/fr\/wp-json\/wp\/v2\/pages"}],"about":[{"href":"https:\/\/www.itn-logistics.com\/fr\/wp-json\/wp\/v2\/types\/page"}],"author":[{"embeddable":true,"href":"https:\/\/www.itn-logistics.com\/fr\/wp-json\/wp\/v2\/users\/1"}],"replies":[{"embeddable":true,"href":"https:\/\/www.itn-logistics.com\/fr\/wp-json\/wp\/v2\/comments?post=480"}],"version-history":[{"count":1,"href":"https:\/\/www.itn-logistics.com\/fr\/wp-json\/wp\/v2\/pages\/480\/revisions"}],"predecessor-version":[{"id":481,"href":"https:\/\/www.itn-logistics.com\/fr\/wp-json\/wp\/v2\/pages\/480\/revisions\/481"}],"up":[{"embeddable":true,"href":"https:\/\/www.itn-logistics.com\/fr\/wp-json\/wp\/v2\/pages\/463"}],"wp:featuredmedia":[{"embeddable":true,"href":"https:\/\/www.itn-logistics.com\/fr\/wp-json\/wp\/v2\/media\/381"}],"wp:attachment":[{"href":"https:\/\/www.itn-logistics.com\/fr\/wp-json\/wp\/v2\/media?parent=480"}],"curies":[{"name":"wp","href":"https:\/\/api.w.org\/{rel}","templated":true}]}}