{"id":463,"date":"2016-02-10T18:14:00","date_gmt":"2016-02-10T18:14:00","guid":{"rendered":"http:\/\/new.itn-logistics.com\/fr\/?page_id=463"},"modified":"2016-03-16T17:39:46","modified_gmt":"2016-03-16T17:39:46","slug":"services-de-logistique","status":"publish","type":"page","link":"https:\/\/www.itn-logistics.com\/fr\/services-de-logistique\/","title":{"rendered":"Services de Logistique"},"content":{"rendered":"<section class=\"l-section wpb_row height_medium\"><div class=\"l-section-h g-html i-cf\"><div class=\"g-cols offset_medium\"><div class=\" full-width\"><div class=\"wpb_text_column \"><div class=\"wpb_wrapper\"><p>Le groupe ITN Logistics est bas\u00e9 au Canada. Nous avons des liens d\u2019affaires dans le monde entier. Avec nos services de transport international a\u00e9rien et maritime, nos services de camionnage domestiques et transfrontaliers entre les \u00c9tats-Unis, le Canada et le Mexique, notre service de d\u00e9douanement, d\u2019entreposage et distribution \u2013 offert localement, nationalement et internationalement, ITN est une source fiable pour tous vos besoins de logistique.<br \/>\nNos employ\u00e9s ont une exp\u00e9rience approfondie de l\u2019industrie et sont bien qualifi\u00e9s afin d\u2019aider nos clients avec les nombreux d\u00e9tails li\u00e9s au commerce international. Nous poss\u00e9dons \u00e9galement un syst\u00e8me sophistiqu\u00e9 d\u2019information et de gestion. Nous nous effor\u00e7ons d&#8217;anticiper les besoins de nos clients et de cr\u00e9er des solutions efficaces et \u00e9conomiques en fonction de leurs besoins uniques.<\/p>\n<p>ITN exploite son propre service de groupage entre le Canada et de nombreux march\u00e9s internationaux. Ceci nous permet d\u2019\u00eatre impliqu\u00e9s directement dans le routage et le suivi des marchandises dans la chaine d\u2019approvisionnement. Notre grand r\u00e9seau de logistique international nous permet de g\u00e9rer tous vos besoins et en m\u00eame temps de s\u2019occuper personnellement de chaque transaction.<\/p><\/div> <\/div> <div class=\"w-separator type_default size_large thick_1 style_solid color_border cont_text\"><span class=\"w-separator-h\"><h6>Services<\/h6><\/span><\/div><div class=\"g-cols wpb_row offset_medium vc_inner \"><div class=\" one-third\"><div class=\"w-iconbox iconpos_top size_medium style_default color_primary icontype_img\"><a class=\"w-iconbox-link\" href=\"http:\/\/www.itn-logistics.com\/fr\/services-de-logistique\/solution-pour-industrie\/\"><div class=\"w-iconbox-icon\"><img loading=\"lazy\" decoding=\"async\" src=\"https:\/\/www.itn-logistics.com\/wp-content\/uploads\/2016\/01\/service-icons-13.png\" width=\"40\" height=\"40\" alt=\"Solution pour l'industrie\"><\/div><h4 class=\"w-iconbox-title\">Solution pour l'industrie<\/h4><\/a><\/div><\/div><div class=\" one-third\"><div class=\"w-iconbox iconpos_top size_medium style_default color_primary icontype_img\"><a class=\"w-iconbox-link\" href=\"http:\/\/www.itn-logistics.com\/fr\/services-de-logistique\/fret-aerien-international\/\"><div class=\"w-iconbox-icon\"><img loading=\"lazy\" decoding=\"async\" src=\"https:\/\/www.itn-logistics.com\/wp-content\/uploads\/2016\/01\/service-icons-01.png\" width=\"40\" height=\"40\" alt=\"Fret a\u00e9rien international\"><\/div><h4 class=\"w-iconbox-title\">Fret a\u00e9rien international<\/h4><\/a><\/div><\/div><div class=\" one-third\"><div class=\"w-iconbox iconpos_top size_medium style_default color_primary icontype_img\"><a class=\"w-iconbox-link\" href=\"http:\/\/www.itn-logistics.com\/fr\/services-de-logistique\/fret-maritime-international\/\"><div class=\"w-iconbox-icon\"><img loading=\"lazy\" decoding=\"async\" src=\"https:\/\/www.itn-logistics.com\/wp-content\/uploads\/2016\/01\/service-icons-03.png\" width=\"41\" height=\"40\" alt=\"Fret maritime international\"><\/div><h4 class=\"w-iconbox-title\">Fret maritime international<\/h4><\/a><\/div><\/div><\/div><div class=\"g-cols wpb_row offset_medium vc_inner  vc_custom_1453929166459\"><div class=\" one-third\"><div class=\"w-iconbox iconpos_top size_medium style_default color_primary icontype_img\"><a class=\"w-iconbox-link\" href=\"http:\/\/www.itn-logistics.com\/fr\/services-de-logistique\/gestion-de-projets-industriels-international\/\"><div class=\"w-iconbox-icon\"><img loading=\"lazy\" decoding=\"async\" src=\"https:\/\/www.itn-logistics.com\/wp-content\/uploads\/2016\/01\/service-icons-08.png\" width=\"41\" height=\"40\" alt=\"Gestion de projet industriel - International\"><\/div><h4 class=\"w-iconbox-title\">Gestion de projet industriel - International<\/h4><\/a><\/div><\/div><div class=\" one-third\"><div class=\"w-iconbox iconpos_top size_medium style_default color_primary icontype_img\"><a class=\"w-iconbox-link\" href=\"http:\/\/www.itn-logistics.com\/fr\/services-de-logistique\/services-transfrontaliers-et-domestiques-chargement-complet-et-partiel\/\"><div class=\"w-iconbox-icon\"><img loading=\"lazy\" decoding=\"async\" src=\"https:\/\/www.itn-logistics.com\/wp-content\/uploads\/2016\/01\/service-icons-04-1.png\" width=\"40\" height=\"40\" alt=\"Service transfrontalier \u2013 Canada, \u00c9-U, Mexique\"><\/div><h4 class=\"w-iconbox-title\">Service transfrontalier \u2013 Canada, \u00c9-U, Mexique<\/h4><\/a><\/div><\/div><div class=\" one-third\"><div class=\"w-iconbox iconpos_top size_medium style_default color_primary icontype_img\"><a class=\"w-iconbox-link\" href=\"http:\/\/www.itn-logistics.com\/fr\/services-de-logistique\/transport-intermodal\/\"><div class=\"w-iconbox-icon\"><img loading=\"lazy\" decoding=\"async\" src=\"https:\/\/www.itn-logistics.com\/wp-content\/uploads\/2016\/01\/service-icons-02.png\" width=\"40\" height=\"40\" alt=\"Service Intermodal\"><\/div><h4 class=\"w-iconbox-title\">Service Intermodal<\/h4><\/a><\/div><\/div><\/div><div class=\"g-cols wpb_row offset_medium vc_inner \"><div class=\" one-third\"><div class=\"w-iconbox iconpos_top size_medium style_default color_primary icontype_img\"><a class=\"w-iconbox-link\" href=\"http:\/\/www.itn-logistics.com\/fr\/services-de-logistique\/services-dentreposage-et-de-distribution\/\"><div class=\"w-iconbox-icon\"><img loading=\"lazy\" decoding=\"async\" src=\"https:\/\/www.itn-logistics.com\/wp-content\/uploads\/2016\/01\/service-icons-05.png\" width=\"40\" height=\"40\" alt=\"Services d'entreposage et de distribution\"><\/div><h4 class=\"w-iconbox-title\">Services d'entreposage et de distribution<\/h4><\/a><\/div><\/div><div class=\" one-third\"><div class=\"w-iconbox iconpos_top size_medium style_default color_primary icontype_img\"><a class=\"w-iconbox-link\" href=\"http:\/\/www.itn-logistics.com\/fr\/services-de-logistique\/dedouanement\/\"><div class=\"w-iconbox-icon\"><img loading=\"lazy\" decoding=\"async\" src=\"https:\/\/www.itn-logistics.com\/wp-content\/uploads\/2016\/01\/service-icons-06.png\" width=\"40\" height=\"40\" alt=\"D\u00e9douanement\"><\/div><h4 class=\"w-iconbox-title\">D\u00e9douanement<\/h4><\/a><\/div><\/div><div class=\" one-third\"><div class=\"w-iconbox iconpos_top size_medium style_default color_primary icontype_img\"><a class=\"w-iconbox-link\" href=\"http:\/\/www.itn-logistics.com\/fr\/services-de-logistique\/service-de-logistiques-superieures\/\"><div class=\"w-iconbox-icon\"><img loading=\"lazy\" decoding=\"async\" src=\"https:\/\/www.itn-logistics.com\/wp-content\/uploads\/2016\/01\/service-icons-07.png\" width=\"41\" height=\"40\" alt=\"Logistiques Sup\u00e9rieures\"><\/div><h4 class=\"w-iconbox-title\">Logistiques Sup\u00e9rieures<\/h4><\/a><\/div><\/div><\/div><\/div><\/div><\/div><\/section>\n","protected":false},"excerpt":{"rendered":"Le groupe ITN Logistics est bas\u00e9 au Canada. Nous avons des liens d\u2019affaires dans le monde entier. Avec nos services...","protected":false},"author":1,"featured_media":376,"parent":0,"menu_order":0,"comment_status":"closed","ping_status":"closed","template":"","meta":{"inline_featured_image":false,"_exactmetrics_skip_tracking":false,"_exactmetrics_sitenote_active":false,"_exactmetrics_sitenote_note":"","_exactmetrics_sitenote_category":0,"footnotes":""},"class_list":["post-463","page","type-page","status-publish","has-post-thumbnail","hentry"],"yoast_head":"<!-- This site is optimized with the Yoast SEO plugin v27.4 - https:\/\/yoast.com\/product\/yoast-seo-wordpress\/ -->\n<title>Services de Logistique - ITN Logistics<\/title>\n<meta name=\"robots\" content=\"index, follow, max-snippet:-1, max-image-preview:large, max-video-preview:-1\" \/>\n<link rel=\"canonical\" href=\"https:\/\/www.itn-logistics.com\/fr\/services-de-logistique\/\" \/>\n<meta property=\"og:locale\" content=\"fr_FR\" \/>\n<meta property=\"og:type\" content=\"article\" \/>\n<meta property=\"og:title\" content=\"Services de Logistique - ITN Logistics\" \/>\n<meta property=\"og:url\" content=\"https:\/\/www.itn-logistics.com\/fr\/services-de-logistique\/\" \/>\n<meta property=\"og:site_name\" content=\"ITN Logistics\" \/>\n<meta property=\"article:modified_time\" content=\"2016-03-16T17:39:46+00:00\" \/>\n<meta property=\"og:image\" content=\"https:\/\/www.itn-logistics.com\/wp-content\/uploads\/2016\/02\/strip-bg-01.jpg\" \/>\n\t<meta property=\"og:image:width\" content=\"1400\" \/>\n\t<meta property=\"og:image:height\" content=\"200\" \/>\n\t<meta property=\"og:image:type\" content=\"image\/jpeg\" \/>\n<meta name=\"twitter:card\" content=\"summary_large_image\" \/>\n<meta name=\"twitter:label1\" content=\"Est. reading time\" \/>\n\t<meta name=\"twitter:data1\" content=\"3 minutes\" \/>\n<script type=\"application\/ld+json\" class=\"yoast-schema-graph\">{\"@context\":\"https:\\\/\\\/schema.org\",\"@graph\":[{\"@type\":\"WebPage\",\"@id\":\"https:\\\/\\\/www.itn-logistics.com\\\/fr\\\/services-de-logistique\\\/\",\"url\":\"https:\\\/\\\/www.itn-logistics.com\\\/fr\\\/services-de-logistique\\\/\",\"name\":\"Services de Logistique - ITN Logistics\",\"isPartOf\":{\"@id\":\"https:\\\/\\\/www.itn-logistics.com\\\/#website\"},\"primaryImageOfPage\":{\"@id\":\"https:\\\/\\\/www.itn-logistics.com\\\/fr\\\/services-de-logistique\\\/#primaryimage\"},\"image\":{\"@id\":\"https:\\\/\\\/www.itn-logistics.com\\\/fr\\\/services-de-logistique\\\/#primaryimage\"},\"thumbnailUrl\":\"https:\\\/\\\/www.itn-logistics.com\\\/wp-content\\\/uploads\\\/2016\\\/02\\\/strip-bg-01.jpg\",\"datePublished\":\"2016-02-10T18:14:00+00:00\",\"dateModified\":\"2016-03-16T17:39:46+00:00\",\"breadcrumb\":{\"@id\":\"https:\\\/\\\/www.itn-logistics.com\\\/fr\\\/services-de-logistique\\\/#breadcrumb\"},\"inLanguage\":\"fr-FR\",\"potentialAction\":[{\"@type\":\"ReadAction\",\"target\":[\"https:\\\/\\\/www.itn-logistics.com\\\/fr\\\/services-de-logistique\\\/\"]}]},{\"@type\":\"ImageObject\",\"inLanguage\":\"fr-FR\",\"@id\":\"https:\\\/\\\/www.itn-logistics.com\\\/fr\\\/services-de-logistique\\\/#primaryimage\",\"url\":\"https:\\\/\\\/www.itn-logistics.com\\\/wp-content\\\/uploads\\\/2016\\\/02\\\/strip-bg-01.jpg\",\"contentUrl\":\"https:\\\/\\\/www.itn-logistics.com\\\/wp-content\\\/uploads\\\/2016\\\/02\\\/strip-bg-01.jpg\",\"width\":1400,\"height\":200},{\"@type\":\"BreadcrumbList\",\"@id\":\"https:\\\/\\\/www.itn-logistics.com\\\/fr\\\/services-de-logistique\\\/#breadcrumb\",\"itemListElement\":[{\"@type\":\"ListItem\",\"position\":1,\"name\":\"Home\",\"item\":\"https:\\\/\\\/www.itn-logistics.com\\\/fr\\\/\"},{\"@type\":\"ListItem\",\"position\":2,\"name\":\"Services de Logistique\"}]},{\"@type\":\"WebSite\",\"@id\":\"https:\\\/\\\/www.itn-logistics.com\\\/#website\",\"url\":\"https:\\\/\\\/www.itn-logistics.com\\\/\",\"name\":\"ITN Logistics\",\"description\":\"Making It Personal\",\"publisher\":{\"@id\":\"https:\\\/\\\/www.itn-logistics.com\\\/#organization\"},\"potentialAction\":[{\"@type\":\"SearchAction\",\"target\":{\"@type\":\"EntryPoint\",\"urlTemplate\":\"https:\\\/\\\/www.itn-logistics.com\\\/?s={search_term_string}\"},\"query-input\":{\"@type\":\"PropertyValueSpecification\",\"valueRequired\":true,\"valueName\":\"search_term_string\"}}],\"inLanguage\":\"fr-FR\"},{\"@type\":\"Organization\",\"@id\":\"https:\\\/\\\/www.itn-logistics.com\\\/#organization\",\"name\":\"ITN Logistics\",\"url\":\"https:\\\/\\\/www.itn-logistics.com\\\/\",\"logo\":{\"@type\":\"ImageObject\",\"inLanguage\":\"fr-FR\",\"@id\":\"https:\\\/\\\/www.itn-logistics.com\\\/#\\\/schema\\\/logo\\\/image\\\/\",\"url\":\"https:\\\/\\\/www.itn-logistics.com\\\/wp-content\\\/uploads\\\/2016\\\/02\\\/logo_colour.png\",\"contentUrl\":\"https:\\\/\\\/www.itn-logistics.com\\\/wp-content\\\/uploads\\\/2016\\\/02\\\/logo_colour.png\",\"width\":200,\"height\":100,\"caption\":\"ITN Logistics\"},\"image\":{\"@id\":\"https:\\\/\\\/www.itn-logistics.com\\\/#\\\/schema\\\/logo\\\/image\\\/\"}}]}<\/script>\n<!-- \/ Yoast SEO plugin. -->","yoast_head_json":{"title":"Services de Logistique - ITN Logistics","robots":{"index":"index","follow":"follow","max-snippet":"max-snippet:-1","max-image-preview":"max-image-preview:large","max-video-preview":"max-video-preview:-1"},"canonical":"https:\/\/www.itn-logistics.com\/fr\/services-de-logistique\/","og_locale":"fr_FR","og_type":"article","og_title":"Services de Logistique - ITN Logistics","og_url":"https:\/\/www.itn-logistics.com\/fr\/services-de-logistique\/","og_site_name":"ITN Logistics","article_modified_time":"2016-03-16T17:39:46+00:00","og_image":[{"width":1400,"height":200,"url":"https:\/\/www.itn-logistics.com\/wp-content\/uploads\/2016\/02\/strip-bg-01.jpg","type":"image\/jpeg"}],"twitter_card":"summary_large_image","twitter_misc":{"Est. reading time":"3 minutes"},"schema":{"@context":"https:\/\/schema.org","@graph":[{"@type":"WebPage","@id":"https:\/\/www.itn-logistics.com\/fr\/services-de-logistique\/","url":"https:\/\/www.itn-logistics.com\/fr\/services-de-logistique\/","name":"Services de Logistique - ITN Logistics","isPartOf":{"@id":"https:\/\/www.itn-logistics.com\/#website"},"primaryImageOfPage":{"@id":"https:\/\/www.itn-logistics.com\/fr\/services-de-logistique\/#primaryimage"},"image":{"@id":"https:\/\/www.itn-logistics.com\/fr\/services-de-logistique\/#primaryimage"},"thumbnailUrl":"https:\/\/www.itn-logistics.com\/wp-content\/uploads\/2016\/02\/strip-bg-01.jpg","datePublished":"2016-02-10T18:14:00+00:00","dateModified":"2016-03-16T17:39:46+00:00","breadcrumb":{"@id":"https:\/\/www.itn-logistics.com\/fr\/services-de-logistique\/#breadcrumb"},"inLanguage":"fr-FR","potentialAction":[{"@type":"ReadAction","target":["https:\/\/www.itn-logistics.com\/fr\/services-de-logistique\/"]}]},{"@type":"ImageObject","inLanguage":"fr-FR","@id":"https:\/\/www.itn-logistics.com\/fr\/services-de-logistique\/#primaryimage","url":"https:\/\/www.itn-logistics.com\/wp-content\/uploads\/2016\/02\/strip-bg-01.jpg","contentUrl":"https:\/\/www.itn-logistics.com\/wp-content\/uploads\/2016\/02\/strip-bg-01.jpg","width":1400,"height":200},{"@type":"BreadcrumbList","@id":"https:\/\/www.itn-logistics.com\/fr\/services-de-logistique\/#breadcrumb","itemListElement":[{"@type":"ListItem","position":1,"name":"Home","item":"https:\/\/www.itn-logistics.com\/fr\/"},{"@type":"ListItem","position":2,"name":"Services de Logistique"}]},{"@type":"WebSite","@id":"https:\/\/www.itn-logistics.com\/#website","url":"https:\/\/www.itn-logistics.com\/","name":"ITN Logistics","description":"Making It Personal","publisher":{"@id":"https:\/\/www.itn-logistics.com\/#organization"},"potentialAction":[{"@type":"SearchAction","target":{"@type":"EntryPoint","urlTemplate":"https:\/\/www.itn-logistics.com\/?s={search_term_string}"},"query-input":{"@type":"PropertyValueSpecification","valueRequired":true,"valueName":"search_term_string"}}],"inLanguage":"fr-FR"},{"@type":"Organization","@id":"https:\/\/www.itn-logistics.com\/#organization","name":"ITN Logistics","url":"https:\/\/www.itn-logistics.com\/","logo":{"@type":"ImageObject","inLanguage":"fr-FR","@id":"https:\/\/www.itn-logistics.com\/#\/schema\/logo\/image\/","url":"https:\/\/www.itn-logistics.com\/wp-content\/uploads\/2016\/02\/logo_colour.png","contentUrl":"https:\/\/www.itn-logistics.com\/wp-content\/uploads\/2016\/02\/logo_colour.png","width":200,"height":100,"caption":"ITN Logistics"},"image":{"@id":"https:\/\/www.itn-logistics.com\/#\/schema\/logo\/image\/"}}]}},"_links":{"self":[{"href":"https:\/\/www.itn-logistics.com\/fr\/wp-json\/wp\/v2\/pages\/463","targetHints":{"allow":["GET"]}}],"collection":[{"href":"https:\/\/www.itn-logistics.com\/fr\/wp-json\/wp\/v2\/pages"}],"about":[{"href":"https:\/\/www.itn-logistics.com\/fr\/wp-json\/wp\/v2\/types\/page"}],"author":[{"embeddable":true,"href":"https:\/\/www.itn-logistics.com\/fr\/wp-json\/wp\/v2\/users\/1"}],"replies":[{"embeddable":true,"href":"https:\/\/www.itn-logistics.com\/fr\/wp-json\/wp\/v2\/comments?post=463"}],"version-history":[{"count":5,"href":"https:\/\/www.itn-logistics.com\/fr\/wp-json\/wp\/v2\/pages\/463\/revisions"}],"predecessor-version":[{"id":642,"href":"https:\/\/www.itn-logistics.com\/fr\/wp-json\/wp\/v2\/pages\/463\/revisions\/642"}],"wp:featuredmedia":[{"embeddable":true,"href":"https:\/\/www.itn-logistics.com\/fr\/wp-json\/wp\/v2\/media\/376"}],"wp:attachment":[{"href":"https:\/\/www.itn-logistics.com\/fr\/wp-json\/wp\/v2\/media?parent=463"}],"curies":[{"name":"wp","href":"https:\/\/api.w.org\/{rel}","templated":true}]}}